{"id":991,"date":"2020-04-14T14:01:57","date_gmt":"2020-04-14T14:01:57","guid":{"rendered":"http:\/\/plongeeagde.belougaplongee.fr\/accueil-2\/?page_id=991"},"modified":"2025-12-30T15:05:48","modified_gmt":"2025-12-30T15:05:48","slug":"informations-utiles","status":"publish","type":"page","link":"https:\/\/plongeeagde.belougaplongee.fr\/accueil-2\/informations-utiles","title":{"rendered":"Informations utiles"},"content":{"rendered":"\t\t<div data-elementor-type=\"wp-page\" data-elementor-id=\"991\" class=\"elementor elementor-991\">\n\t\t\t\t\t\t<section class=\"elementor-section elementor-top-section elementor-element elementor-element-4b13aae6 elementor-section-boxed elementor-section-height-default elementor-section-height-default\" data-id=\"4b13aae6\" data-element_type=\"section\" data-e-type=\"section\">\n\t\t\t\t\t\t<div class=\"elementor-container elementor-column-gap-default\">\n\t\t\t\t\t<div class=\"elementor-column elementor-col-100 elementor-top-column elementor-element elementor-element-4f5ebfc4\" data-id=\"4f5ebfc4\" data-element_type=\"column\" data-e-type=\"column\">\n\t\t\t<div class=\"elementor-widget-wrap elementor-element-populated\">\n\t\t\t\t\t\t<div class=\"elementor-element elementor-element-49fe4e04 elementor-widget__width-initial elementor-widget elementor-widget-text-editor\" data-id=\"49fe4e04\" data-element_type=\"widget\" data-e-type=\"widget\" data-widget_type=\"text-editor.default\">\n\t\t\t\t<div class=\"elementor-widget-container\">\n\t\t\t\t\t\t\t\t\t<div class=\"wp-block-spacer\" style=\"height: 20px;\" aria-hidden=\"true\">\u00a0<\/div>\n<p><!-- \/wp:spacer --><!-- wp:heading {\"level\":1,\"style\":{\"color\":{\"text\":\"#011f31\"}}} --><\/p>\n<h2 class=\"wp-block-heading has-text-color\" style=\"color: #011f31;\"><span style=\"color: #003366;\"><strong>AGR\u00c9MENTS<\/strong><\/span><\/h2>\n<p><!-- \/wp:heading --><!-- wp:spacer {\"height\":\"20px\"} --><\/p>\n<div class=\"wp-block-spacer\" style=\"height: 20px;\" aria-hidden=\"true\">\u00a0<\/div>\n<p><!-- \/wp:spacer --><!-- wp:heading {\"textColor\":\"vivid-cyan-blue\"} --><\/p>\n<h2 class=\"wp-block-heading has-vivid-cyan-blue-color has-text-color\"><span style=\"color: #003366;\"><strong>OBLIGATION D&rsquo;AFFICHAGE<\/strong><\/span><\/h2>\n<p><!-- \/wp:heading --><!-- wp:image {\"align\":\"center\",\"width\":197,\"height\":182,\"sizeSlug\":\"large\"} --><\/p>\n<div class=\"wp-block-image\">\n<figure class=\"aligncenter size-large is-resized\"><img decoding=\"async\" class=\"wp-image-3405\" src=\"http:\/\/plongeeagde.belougaplongee.fr\/wp-content\/uploads\/2020\/05\/1200px-Minist\u00e8re_des_sports.svg_-1-1024x950.png\" alt=\"\" width=\"197\" height=\"182\" srcset=\"https:\/\/plongeeagde.belougaplongee.fr\/wp-content\/uploads\/2020\/05\/1200px-Minist\u00e8re_des_sports.svg_-1-1024x950.png 1024w, https:\/\/plongeeagde.belougaplongee.fr\/wp-content\/uploads\/2020\/05\/1200px-Minist\u00e8re_des_sports.svg_-1-300x278.png 300w, https:\/\/plongeeagde.belougaplongee.fr\/wp-content\/uploads\/2020\/05\/1200px-Minist\u00e8re_des_sports.svg_-1-768x712.png 768w, https:\/\/plongeeagde.belougaplongee.fr\/wp-content\/uploads\/2020\/05\/1200px-Minist\u00e8re_des_sports.svg_-1.png 1200w\" sizes=\"(max-width: 197px) 100vw, 197px\" \/><\/figure>\n<\/div>\n<p><!-- \/wp:image --><!-- wp:paragraph {\"fontSize\":\"normal\"} --><\/p>\n<h4 class=\"has-normal-font-size\"><span style=\"color: #003366;\"><strong>Vous trouverez conform\u00e9ment \u00e0 l&rsquo;article R322-5 du code du sport<\/strong> <strong>une copie \u00e0 disposition, n&rsquo;h\u00e9sitez \u00e0 la demander \u00e0 Julie :<\/strong><\/span><\/h4>\n<h4><span style=\"color: #003366;\"><!-- \/wp:paragraph --><!-- wp:paragraph {\"fontSize\":\"normal\"} --><\/span><\/h4>\n<h4 class=\"has-normal-font-size\"><span style=\"color: #003366;\"><strong>1\u00b0\/ dipl\u00f4mes et titres des personnes exer\u00e7ant dans l\u2019\u00e9tablissement les fonctions mentionn\u00e9es \u00e0 l\u2019article L. 212-1<\/strong><\/span><\/h4>\n<h4><span style=\"color: #003366;\"><!-- \/wp:paragraph --><!-- wp:paragraph {\"fontSize\":\"normal\"} --><\/span><\/h4>\n<h4 class=\"has-normal-font-size\"><strong><span style=\"color: #003366;\">-Julie Pastor monitrice DESJEPS n\u00b0 DESALP190014 et Cyrille Bessonne moniteur DEJEPS plong\u00e9e n\u00b0 DELMP2000032<\/span><\/strong><\/h4>\n<h4><strong><span style=\"color: #003366;\"><!-- \/wp:paragraph --><!-- wp:paragraph {\"fontSize\":\"normal\"} --><\/span><\/strong><\/h4>\n<h4 class=\"has-normal-font-size\"><strong><span style=\"color: #003366;\">-Julie Pastor instructrice OWSI PADI n\u00b0935280<\/span><\/strong><\/h4>\n<h4><strong><span style=\"color: #003366;\"><!-- \/wp:paragraph --><!-- wp:paragraph {\"fontSize\":\"normal\"} --><\/span><\/strong><\/h4>\n<h4 class=\"has-normal-font-size\"><strong><span style=\"color: #003366;\">-Julie Pastor n\u00b01448 et Cyrille Bessonne adh\u00e9rents de l&rsquo;Ecole de Plong\u00e9e Fran\u00e7aise ANMP et Guides de la Mer<\/span><\/strong><\/h4>\n<h4><strong><span style=\"color: #003366;\"><!-- \/wp:paragraph --><!-- wp:paragraph {\"fontSize\":\"normal\"} --><\/span><\/strong><\/h4>\n<h4 class=\"has-normal-font-size\"><strong><span style=\"color: #003366;\">-B\u00e9louga Plong\u00e9e Structure Commerciale Agr\u00e9e FFESSM n\u00b00889019C<\/span><\/strong><\/h4>\n<h4><strong><span style=\"color: #003366;\"><!-- \/wp:paragraph --><!-- wp:paragraph {\"fontSize\":\"normal\"} --><\/span><\/strong><\/h4>\n<h4 class=\"has-normal-font-size\"><strong><span style=\"color: #003366;\">-B\u00e9louga Plong\u00e9e \u00e9tablissement d&rsquo;APS Jeunesse &amp; Sport n\u00b0 ET001350<\/span><\/strong><\/h4>\n<h4><span style=\"color: #003366;\"><!-- \/wp:paragraph --><!-- wp:paragraph {\"fontSize\":\"normal\"} --><\/span><\/h4>\n<h4 class=\"has-normal-font-size\"><span style=\"color: #003366;\"><strong>2\u00b0\/ cartes professionnelles d\u00e9livr\u00e9es en application de l\u2019article R 212-86 ou des attestations de stagiaires mentionn\u00e9es \u00e0 l\u2019article R 212-87 ;<\/strong><\/span><\/h4>\n<h4><span style=\"color: #003366;\"><!-- \/wp:paragraph --><!-- wp:paragraph {\"fontSize\":\"normal\"} --><\/span><\/h4>\n<h4 class=\"has-normal-font-size\"><span style=\"color: #003366;\"><strong>3\u00b0\/ textes fixant, dans les conditions pr\u00e9vues \u00e0 l\u2019article R 322-7, les garanties d\u2019hygi\u00e8ne et de s\u00e9curit\u00e9 et les normes techniques applicables \u00e0 l\u2019encadrement des activit\u00e9s physiques et sportives mentionn\u00e9es \u00e0 l\u2019article L. 322-2 ;<\/strong><\/span><\/h4>\n<h4><span style=\"color: #003366;\"><!-- \/wp:paragraph --><!-- wp:paragraph {\"fontSize\":\"normal\"} --><\/span><\/h4>\n<h4 class=\"has-normal-font-size\"><span style=\"color: #003366;\"><strong>4\u00b0\/ attestation du contrat d\u2019assurance conclu par l\u2019exploitant de l\u2019\u00e9tablissement conform\u00e9ment \u00e0 l\u2019article L. 321-1<\/strong><\/span><\/h4>\n<h4><span style=\"color: #003366;\"><!-- \/wp:paragraph --><!-- wp:paragraph {\"fontSize\":\"normal\"} --><\/span><\/h4>\n<h4 class=\"has-normal-font-size\"><span style=\"color: #003366;\"><strong>5\u00b0\/ tableau d\u2019organisation des secours avec les adresses et num\u00e9ros de t\u00e9l\u00e9phone des personnes et organismes susceptibles d\u2019intervenir en cas d\u2019urgence.<\/strong><\/span><\/h4>\n<h4><span style=\"color: #003366;\"><!-- \/wp:paragraph --><!-- wp:spacer {\"height\":\"20px\"} --><\/span><\/h4>\n<h4><span style=\"color: #003366;\"><!-- \/wp:spacer --><!-- wp:separator {\"opacity\":\"css\"} --><\/span><\/h4>\n<p><span style=\"color: #003366;\"><!-- \/wp:spacer --><!-- wp:heading {\"level\":1,\"style\":{\"color\":{\"text\":\"#033450\"}}} --><\/span><\/p>\n<h1 class=\"wp-block-heading has-text-color\" style=\"color: #033450;\">\u00a0<\/h1>\n<p><span style=\"color: #003366;\"><!-- \/wp:heading --><!-- wp:image {\"id\":1358,\"width\":\"349px\",\"height\":\"82px\",\"sizeSlug\":\"large\",\"align\":\"center\"} --><\/span><\/p>\n<p><span style=\"color: #003366;\"><!-- \/wp:image --><!-- wp:spacer {\"height\":\"20px\"} --><\/span><\/p>\n<p><span style=\"color: #003366;\"><!-- \/wp:spacer --><!-- wp:heading {\"textColor\":\"vivid-cyan-blue\"} --><\/span><\/p>\n<h2 class=\"wp-block-heading has-vivid-cyan-blue-color has-text-color\"><span style=\"color: #003366;\"><strong>ASSURANCE RESPONSABILITE CIVILE DES PRATIQUANTS\u00a0<\/strong><\/span><\/h2>\n<p><span style=\"color: #003366;\"><!-- \/wp:heading --><!-- wp:spacer {\"height\":\"20px\"} --><\/span><\/p>\n<div class=\"wp-block-spacer\" style=\"height: 20px;\" aria-hidden=\"true\">\u00a0<\/div>\n<div class=\"wp-block-media-text alignwide is-stacked-on-mobile\">\n<div class=\"wp-block-media-text__content\">\n<p><span style=\"color: #003366;\"><!-- \/wp:heading --><!-- wp:paragraph {\"placeholder\":\"Contenu\u2026\",\"style\":{\"typography\":{\"fontSize\":\"18px\"}}} --><\/span><\/p>\n<p style=\"font-size: 18px;\"><span style=\"color: #003366;\">B\u00e9louga Plong\u00e9e assure sa client\u00e8le en Responsabilit\u00e9 Civile qui couvre les risques inh\u00e9rents \u00e0 la pratique de la plong\u00e9e (art. 37 de la loi cadre) .<\/span><\/p>\n<p><span style=\"color: #003366;\"><!-- \/wp:paragraph --><\/span><\/p>\n<\/div>\n<\/div>\n<p><span style=\"color: #003366;\"><!-- \/wp:media-text --><!-- wp:spacer {\"height\":\"20px\"} --><\/span><\/p>\n<div class=\"wp-block-spacer\" style=\"height: 20px;\" aria-hidden=\"true\">\u00a0<\/div>\n<p><span style=\"color: #003366;\"><!-- \/wp:spacer --><!-- wp:separator {\"opacity\":\"css\"} --><\/span><\/p>\n<h2 class=\"wp-block-heading has-vivid-cyan-blue-color has-text-color\"><span style=\"color: #003366;\"><strong>ASSURANCE INDIVIDUELLE ACCIDENT DES PRATIQUANTS<\/strong><\/span><\/h2>\n<h2 class=\"wp-block-heading has-vivid-cyan-blue-color has-text-color\">\u00a0<\/h2>\n<p><!-- \/wp:image --><!-- wp:spacer {\"height\":\"22px\"} --><\/p>\n<p><!-- \/wp:spacer --><!-- wp:paragraph {\"style\":{\"typography\":{\"fontSize\":\"18px\"}}} --><\/p>\n<h4 style=\"font-size: 18px;\"><span style=\"color: #003366;\"><strong>En vertu de l\u2019article A321-4 du Code du sport, nous sommes tenus d\u2019informer notre client\u00e8le de l\u2019int\u00e9r\u00eat que pr\u00e9sente la souscription d\u2019un contrat d\u2019assurance de personnes couvrant les dommages corporels auxquels sa pratique sportive peut l\u2019exposer.<\/strong><\/span><\/h4>\n<h4><span style=\"color: #003366;\"><!-- \/wp:paragraph --><!-- wp:spacer {\"height\":\"20px\"} --><\/span><\/h4>\n<h4><span style=\"color: #003366;\"><!-- \/wp:spacer --><!-- wp:paragraph {\"style\":{\"typography\":{\"fontSize\":\"18px\"}}} --><\/span><\/h4>\n<h4 style=\"font-size: 18px;\"><span style=\"color: #003366;\"><strong>Voir d\u00e9tails dans les documents suivants : <\/strong>https:\/\/lycea.fr\/assurance\/assurance-individuelle-accident-pratiquant\/<\/span><\/h4>\n<h4><span style=\"color: #003366;\"><!-- \/wp:paragraph --><!-- wp:spacer {\"height\":\"20px\"} --><\/span><\/h4>\n<h4 class=\"wp-block-spacer\" style=\"height: 20px;\" aria-hidden=\"true\">\u00a0<\/h4>\n<p><!-- \/wp:separator --><!-- wp:spacer {\"height\":\"20px\"} --><\/p>\n<p><!-- \/wp:spacer --><!-- wp:heading {\"level\":1,\"style\":{\"color\":{\"text\":\"#023350\"}}} --><\/p>\n<h2 class=\"wp-block-heading has-text-color\" style=\"color: #023350;\"><span style=\"color: #003366;\"><strong>INFORMATIONS MEDICALES<\/strong><\/span><\/h2>\n<p><!-- \/wp:heading --><!-- wp:spacer {\"height\":\"20px\"} --><\/p>\n<p><!-- \/wp:spacer --><!-- wp:image {\"id\":1353,\"width\":\"262px\",\"height\":\"171px\",\"sizeSlug\":\"large\",\"align\":\"right\"} --><\/p>\n<p>\u00a0<\/p>\n<p><!-- \/wp:image --><!-- wp:paragraph {\"fontSize\":\"normal\"} --><\/p>\n<h4><span style=\"color: #003366;\">N&rsquo;h\u00e9sitez pas \u00e0 consulter la liste des contre-indications \u00e0 la plong\u00e9e en scaphandre autonome :\u00a0<a style=\"color: #003366;\" href=\"http:\/\/medical.ffessm.fr\/wp-content\/uploads\/tableau-contre-indications-plong%C3%A9e-en-scaphandre.pdf\">tableau contre-indications plong\u00e9e en scaphandre<\/a>. <strong>Cette liste est indicative et non limitative<\/strong>.<\/span><\/h4>\n<h4><span style=\"color: #003366;\"><!-- \/wp:paragraph --><!-- wp:paragraph {\"fontSize\":\"normal\"} --><\/span><\/h4>\n<h4><span style=\"color: #003366;\"><strong>Pour chaque pathologie ou traitement m\u00e9dicamenteux cit\u00e9s, il faut \u00eatre certain :<\/strong><\/span><br \/><span style=\"color: #003366;\">&#8211; qu\u2019il n\u2019y a pas de risque d\u2019incapacit\u00e9 subite (et donc de noyade),<\/span><br \/><span style=\"color: #003366;\">&#8211; que le milieu aquatique ne va pas aggraver ou d\u00e9stabiliser une pathologie,<\/span><br \/><span style=\"color: #003366;\">&#8211; qu\u2019un probl\u00e8me de sant\u00e9 ne va pas favoriser un\u00a0accident sp\u00e9cifique en immersion\u00a0(barotraumatisme, accident de d\u00e9saturation, \u0153d\u00e8me pulmonaire).<\/span><\/h4>\n<h4><span style=\"color: #003366;\"><!-- \/wp:paragraph --><!-- wp:paragraph {\"fontSize\":\"normal\"} --><\/span><\/h4>\n<h4><span style=\"color: #003366;\">Les probl\u00e8mes doivent \u00eatre abord\u00e9s au cas par cas, \u00e9ventuellement avec un bilan aupr\u00e8s d\u2019un sp\u00e9cialiste, la d\u00e9cision tenant compte du niveau technique (d\u00e9butant, plongeur confirm\u00e9 ou encadrant).<\/span><\/h4>\n<h4><span style=\"color: #003366;\"><!-- \/wp:paragraph --><!-- wp:paragraph {\"fontSize\":\"normal\"} --><\/span><\/h4>\n<h4><span style=\"color: #003366;\"><strong>Plus d&rsquo;informations sur <a style=\"color: #003366;\" href=\"http:\/\/medical.ffessm.fr\/?page_id=462\">http:\/\/medical.ffessm.fr\/?page_id=462<\/a><\/strong><\/span><\/h4>\n<h4><span style=\"color: #003366;\"><!-- \/wp:paragraph --><!-- wp:spacer {\"height\":\"27px\"} --><\/span><\/h4>\n<h4 class=\"wp-block-spacer\" style=\"height: 27px;\" aria-hidden=\"true\">\u00a0<\/h4>\n<p><!-- \/wp:spacer --><!-- wp:heading {\"textAlign\":\"center\",\"level\":1,\"style\":{\"color\":{\"text\":\"#063550\"}}} --><\/p>\n<h2 class=\"wp-block-heading has-text-align-center has-text-color\" style=\"color: #063550;\"><span style=\"color: #003366;\"><strong>B<strong>\u00c9<\/strong>LOUGA PLONG\u00c9E CAP D&rsquo;AGDE<\/strong><\/span><\/h2>\n<p><!-- \/wp:heading --><\/p>\t\t\t\t\t\t\t\t<\/div>\n\t\t\t\t<\/div>\n\t\t\t\t\t<\/div>\n\t\t<\/div>\n\t\t\t\t\t<\/div>\n\t\t<\/section>\n\t\t\t\t<\/div>\n\t\t","protected":false},"excerpt":{"rendered":"<p>\u00a0 AGR\u00c9MENTS \u00a0 OBLIGATION D&rsquo;AFFICHAGE Vous trouverez conform\u00e9ment \u00e0 l&rsquo;article R322-5 du code du sport une copie \u00e0 disposition, n&rsquo;h\u00e9sitez \u00e0 la demander \u00e0 Julie : 1\u00b0\/ dipl\u00f4mes et titres des personnes exer\u00e7ant dans l\u2019\u00e9tablissement les fonctions mentionn\u00e9es \u00e0 l\u2019article L. 212-1 -Julie Pastor monitrice DESJEPS n\u00b0 DESALP190014 et Cyrille Bessonne moniteur DEJEPS plong\u00e9e n\u00b0 <a class=\"read-more\" href=\"https:\/\/plongeeagde.belougaplongee.fr\/accueil-2\/informations-utiles\">READ MORE<\/a><\/p>\n","protected":false},"author":1,"featured_media":0,"parent":0,"menu_order":0,"comment_status":"closed","ping_status":"closed","template":"","meta":{"footnotes":""},"class_list":["post-991","page","type-page","status-publish","hentry"],"yoast_head":"<!-- This site is optimized with the Yoast SEO plugin v27.5 - https:\/\/yoast.com\/product\/yoast-seo-wordpress\/ -->\n<title>Informations utiles - B\u00e9louga Plong\u00e9e<\/title>\n<meta name=\"robots\" content=\"index, follow, max-snippet:-1, max-image-preview:large, max-video-preview:-1\" \/>\n<link rel=\"canonical\" href=\"https:\/\/plongeeagde.belougaplongee.fr\/accueil-2\/informations-utiles\" \/>\n<meta property=\"og:locale\" content=\"fr_FR\" \/>\n<meta property=\"og:type\" content=\"article\" \/>\n<meta property=\"og:title\" content=\"Informations utiles - B\u00e9louga Plong\u00e9e\" \/>\n<meta property=\"og:description\" content=\"\u00a0 AGR\u00c9MENTS \u00a0 OBLIGATION D&rsquo;AFFICHAGE Vous trouverez conform\u00e9ment \u00e0 l&rsquo;article R322-5 du code du sport une copie \u00e0 disposition, n&rsquo;h\u00e9sitez \u00e0 la demander \u00e0 Julie : 1\u00b0\/ dipl\u00f4mes et titres des personnes exer\u00e7ant dans l\u2019\u00e9tablissement les fonctions mentionn\u00e9es \u00e0 l\u2019article L. 212-1 -Julie Pastor monitrice DESJEPS n\u00b0 DESALP190014 et Cyrille Bessonne moniteur DEJEPS plong\u00e9e n\u00b0 READ MORE\" \/>\n<meta property=\"og:url\" content=\"https:\/\/plongeeagde.belougaplongee.fr\/accueil-2\/informations-utiles\" \/>\n<meta property=\"og:site_name\" content=\"B\u00e9louga Plong\u00e9e\" \/>\n<meta property=\"article:modified_time\" content=\"2025-12-30T15:05:48+00:00\" \/>\n<meta name=\"twitter:card\" content=\"summary_large_image\" \/>\n<meta name=\"twitter:label1\" content=\"Dur\u00e9e de lecture estim\u00e9e\" \/>\n\t<meta name=\"twitter:data1\" content=\"3 minutes\" \/>\n<script type=\"application\/ld+json\" class=\"yoast-schema-graph\">{\"@context\":\"https:\\\/\\\/schema.org\",\"@graph\":[{\"@type\":\"WebPage\",\"@id\":\"https:\\\/\\\/plongeeagde.belougaplongee.fr\\\/accueil-2\\\/informations-utiles\",\"url\":\"https:\\\/\\\/plongeeagde.belougaplongee.fr\\\/accueil-2\\\/informations-utiles\",\"name\":\"Informations utiles - B\u00e9louga Plong\u00e9e\",\"isPartOf\":{\"@id\":\"https:\\\/\\\/plongeeagde.belougaplongee.fr\\\/accueil-2\\\/#website\"},\"datePublished\":\"2020-04-14T14:01:57+00:00\",\"dateModified\":\"2025-12-30T15:05:48+00:00\",\"breadcrumb\":{\"@id\":\"https:\\\/\\\/plongeeagde.belougaplongee.fr\\\/accueil-2\\\/informations-utiles#breadcrumb\"},\"inLanguage\":\"fr-FR\",\"potentialAction\":[{\"@type\":\"ReadAction\",\"target\":[\"https:\\\/\\\/plongeeagde.belougaplongee.fr\\\/accueil-2\\\/informations-utiles\"]}]},{\"@type\":\"BreadcrumbList\",\"@id\":\"https:\\\/\\\/plongeeagde.belougaplongee.fr\\\/accueil-2\\\/informations-utiles#breadcrumb\",\"itemListElement\":[{\"@type\":\"ListItem\",\"position\":1,\"name\":\"Accueil\",\"item\":\"https:\\\/\\\/plongeeagde.belougaplongee.fr\\\/accueil-2\\\/\"},{\"@type\":\"ListItem\",\"position\":2,\"name\":\"Informations utiles\"}]},{\"@type\":\"WebSite\",\"@id\":\"https:\\\/\\\/plongeeagde.belougaplongee.fr\\\/accueil-2\\\/#website\",\"url\":\"https:\\\/\\\/plongeeagde.belougaplongee.fr\\\/accueil-2\\\/\",\"name\":\"B\u00e9louga Plong\u00e9e\",\"description\":\"Plong\u00e9e personnalis\u00e9e au Cap d&#039;Agde\",\"potentialAction\":[{\"@type\":\"SearchAction\",\"target\":{\"@type\":\"EntryPoint\",\"urlTemplate\":\"https:\\\/\\\/plongeeagde.belougaplongee.fr\\\/accueil-2\\\/?s={search_term_string}\"},\"query-input\":{\"@type\":\"PropertyValueSpecification\",\"valueRequired\":true,\"valueName\":\"search_term_string\"}}],\"inLanguage\":\"fr-FR\"}]}<\/script>\n<!-- \/ Yoast SEO plugin. -->","yoast_head_json":{"title":"Informations utiles - B\u00e9louga Plong\u00e9e","robots":{"index":"index","follow":"follow","max-snippet":"max-snippet:-1","max-image-preview":"max-image-preview:large","max-video-preview":"max-video-preview:-1"},"canonical":"https:\/\/plongeeagde.belougaplongee.fr\/accueil-2\/informations-utiles","og_locale":"fr_FR","og_type":"article","og_title":"Informations utiles - B\u00e9louga Plong\u00e9e","og_description":"\u00a0 AGR\u00c9MENTS \u00a0 OBLIGATION D&rsquo;AFFICHAGE Vous trouverez conform\u00e9ment \u00e0 l&rsquo;article R322-5 du code du sport une copie \u00e0 disposition, n&rsquo;h\u00e9sitez \u00e0 la demander \u00e0 Julie : 1\u00b0\/ dipl\u00f4mes et titres des personnes exer\u00e7ant dans l\u2019\u00e9tablissement les fonctions mentionn\u00e9es \u00e0 l\u2019article L. 212-1 -Julie Pastor monitrice DESJEPS n\u00b0 DESALP190014 et Cyrille Bessonne moniteur DEJEPS plong\u00e9e n\u00b0 READ MORE","og_url":"https:\/\/plongeeagde.belougaplongee.fr\/accueil-2\/informations-utiles","og_site_name":"B\u00e9louga Plong\u00e9e","article_modified_time":"2025-12-30T15:05:48+00:00","twitter_card":"summary_large_image","twitter_misc":{"Dur\u00e9e de lecture estim\u00e9e":"3 minutes"},"schema":{"@context":"https:\/\/schema.org","@graph":[{"@type":"WebPage","@id":"https:\/\/plongeeagde.belougaplongee.fr\/accueil-2\/informations-utiles","url":"https:\/\/plongeeagde.belougaplongee.fr\/accueil-2\/informations-utiles","name":"Informations utiles - B\u00e9louga Plong\u00e9e","isPartOf":{"@id":"https:\/\/plongeeagde.belougaplongee.fr\/accueil-2\/#website"},"datePublished":"2020-04-14T14:01:57+00:00","dateModified":"2025-12-30T15:05:48+00:00","breadcrumb":{"@id":"https:\/\/plongeeagde.belougaplongee.fr\/accueil-2\/informations-utiles#breadcrumb"},"inLanguage":"fr-FR","potentialAction":[{"@type":"ReadAction","target":["https:\/\/plongeeagde.belougaplongee.fr\/accueil-2\/informations-utiles"]}]},{"@type":"BreadcrumbList","@id":"https:\/\/plongeeagde.belougaplongee.fr\/accueil-2\/informations-utiles#breadcrumb","itemListElement":[{"@type":"ListItem","position":1,"name":"Accueil","item":"https:\/\/plongeeagde.belougaplongee.fr\/accueil-2\/"},{"@type":"ListItem","position":2,"name":"Informations utiles"}]},{"@type":"WebSite","@id":"https:\/\/plongeeagde.belougaplongee.fr\/accueil-2\/#website","url":"https:\/\/plongeeagde.belougaplongee.fr\/accueil-2\/","name":"B\u00e9louga Plong\u00e9e","description":"Plong\u00e9e personnalis\u00e9e au Cap d&#039;Agde","potentialAction":[{"@type":"SearchAction","target":{"@type":"EntryPoint","urlTemplate":"https:\/\/plongeeagde.belougaplongee.fr\/accueil-2\/?s={search_term_string}"},"query-input":{"@type":"PropertyValueSpecification","valueRequired":true,"valueName":"search_term_string"}}],"inLanguage":"fr-FR"}]}},"_links":{"self":[{"href":"https:\/\/plongeeagde.belougaplongee.fr\/accueil-2\/wp-json\/wp\/v2\/pages\/991","targetHints":{"allow":["GET"]}}],"collection":[{"href":"https:\/\/plongeeagde.belougaplongee.fr\/accueil-2\/wp-json\/wp\/v2\/pages"}],"about":[{"href":"https:\/\/plongeeagde.belougaplongee.fr\/accueil-2\/wp-json\/wp\/v2\/types\/page"}],"author":[{"embeddable":true,"href":"https:\/\/plongeeagde.belougaplongee.fr\/accueil-2\/wp-json\/wp\/v2\/users\/1"}],"replies":[{"embeddable":true,"href":"https:\/\/plongeeagde.belougaplongee.fr\/accueil-2\/wp-json\/wp\/v2\/comments?post=991"}],"version-history":[{"count":30,"href":"https:\/\/plongeeagde.belougaplongee.fr\/accueil-2\/wp-json\/wp\/v2\/pages\/991\/revisions"}],"predecessor-version":[{"id":4439,"href":"https:\/\/plongeeagde.belougaplongee.fr\/accueil-2\/wp-json\/wp\/v2\/pages\/991\/revisions\/4439"}],"wp:attachment":[{"href":"https:\/\/plongeeagde.belougaplongee.fr\/accueil-2\/wp-json\/wp\/v2\/media?parent=991"}],"curies":[{"name":"wp","href":"https:\/\/api.w.org\/{rel}","templated":true}]}}