{"id":62,"date":"2020-01-02T23:57:53","date_gmt":"2020-01-02T23:57:53","guid":{"rendered":"http:\/\/plongeeagde.belougaplongee.fr\/?page_id=62"},"modified":"2025-12-30T15:25:04","modified_gmt":"2025-12-30T15:25:04","slug":"tarif-2020","status":"publish","type":"page","link":"https:\/\/plongeeagde.belougaplongee.fr\/accueil-2\/tarif-2020","title":{"rendered":"Tarif 2025"},"content":{"rendered":"\t\t<div data-elementor-type=\"wp-page\" data-elementor-id=\"62\" class=\"elementor elementor-62\">\n\t\t\t\t\t\t<section class=\"elementor-section elementor-top-section elementor-element elementor-element-61bb3cc elementor-section-boxed elementor-section-height-default elementor-section-height-default\" data-id=\"61bb3cc\" data-element_type=\"section\" data-e-type=\"section\">\n\t\t\t\t\t\t<div class=\"elementor-container elementor-column-gap-default\">\n\t\t\t\t\t<div class=\"elementor-column elementor-col-100 elementor-top-column elementor-element elementor-element-2b8c393\" data-id=\"2b8c393\" data-element_type=\"column\" data-e-type=\"column\">\n\t\t\t<div class=\"elementor-widget-wrap elementor-element-populated\">\n\t\t\t\t\t\t<div class=\"elementor-element elementor-element-689ed222 elementor-widget elementor-widget-text-editor\" data-id=\"689ed222\" data-element_type=\"widget\" data-e-type=\"widget\" data-widget_type=\"text-editor.default\">\n\t\t\t\t<div class=\"elementor-widget-container\">\n\t\t\t\t\t\t\t\t\t\n<h2 class=\"wp-block-heading\"><span style=\"color: #003366;\"><strong>FAIRE DE LA PLONG\u00c9E, COMBIEN \u00c7A CO\u00dbTE ?<\/strong><\/span><\/h2>\n<p>\u00a0<\/p>\n\n<figure class=\"wp-block-gallery aligncenter columns-2 is-cropped\">\n<figure><img fetchpriority=\"high\" decoding=\"async\" class=\"wp-image-2235 aligncenter\" src=\"http:\/\/plongeeagde.belougaplongee.fr\/wp-content\/uploads\/2020\/05\/thumbnail_IMG_2586.jpg\" alt=\"\" width=\"298\" height=\"224\" data-id=\"2235\" data-full-url=\"http:\/\/plongeeagde.belougaplongee.fr\/wp-content\/uploads\/2020\/05\/thumbnail_IMG_2586.jpg\" data-link=\"https:\/\/plongeeagde.belougaplongee.fr\/accueil-2\/lexploration-pour-les-enfants\/thumbnail_img_2586-4\" srcset=\"https:\/\/plongeeagde.belougaplongee.fr\/wp-content\/uploads\/2020\/05\/thumbnail_IMG_2586.jpg 640w, https:\/\/plongeeagde.belougaplongee.fr\/wp-content\/uploads\/2020\/05\/thumbnail_IMG_2586-300x225.jpg 300w\" sizes=\"(max-width: 298px) 100vw, 298px\" \/><\/figure>\n<\/figure>\n\n<blockquote>\n<h4 class=\"wp-block-spacer\" style=\"height: 20px;\" aria-hidden=\"true\">\u00a0<\/h4>\n<h4><span style=\"color: #003366;\"><\/span><\/h4>\n<h4 class=\"has-background has-normal-font-size\" style=\"background-color: #e7edf0;\"><em><span style=\"color: #003366;\">Chaque sport \u00e0 un co\u00fbt, mais rapporte aussi beaucoup<strong> en sensation, en s\u00e9r\u00e9nit\u00e9, en aventure ou encore en rencontres.<\/strong> Les moyens techniques et humains \u00e9tant importants pour pratiquer la plong\u00e9e, il faut s\u2019attendre \u00e0 pr\u00e9parer un budget cons\u00e9quent, comme dans d\u2019autres sports comme le ski, l\u2019\u00e9quitation, le golf, le jet ski\u2026\u00a0<\/span><\/em><\/h4>\n<\/blockquote>\n\n<div class=\"wp-block-spacer\" style=\"height: 45px;\" aria-hidden=\"true\">\u00a0<\/div>\n\n<h2 class=\"has-text-color wp-block-heading\" style=\"color: #053653;\"><strong>B\u00c9LOUGA PLONG\u00c9E VOTRE \u00c9COLE DE PLONG\u00c9E SUR MESURE<\/strong><\/h2>\n<p>\u00a0<\/p>\n\n<h4><span style=\"color: #003366;\"><\/span><\/h4>\n<h4 class=\"has-background has-normal-font-size\" style=\"background-color: #e7edf0;\"><span style=\"color: #003366;\">B\u00e9louga Plong\u00e9e <strong>c&rsquo;est l&rsquo;assurance de b\u00e9n\u00e9ficier d&rsquo;un enseignement de la plong\u00e9e tr\u00e8s personnalis\u00e9<\/strong> pour les enfants.\u00a0<\/span><\/h4>\n<h4><span style=\"color: #003366;\"><\/span><\/h4>\n<h4><span style=\"color: #003366;\"><\/span><\/h4>\n<h4 class=\"wp-block-spacer\" style=\"height: 20px;\" aria-hidden=\"true\">\u00a0<\/h4>\n\n<div class=\"wp-block-media-text alignwide is-stacked-on-mobile\" style=\"grid-template-columns: 15% auto;\">\n<figure class=\"wp-block-media-text__media\"><img decoding=\"async\" class=\"wp-image-1600\" src=\"http:\/\/plongeeagde.belougaplongee.fr\/wp-content\/uploads\/2020\/05\/3poissons.gif\" alt=\"\" width=\"208\" height=\"257\" \/><\/figure>\n<div class=\"wp-block-media-text__content\"><br \/>\n<p>\u00a0<\/p>\n<\/div>\n<\/div>\n<h2><span style=\"color: #003366;\"><\/span><\/h2>\n<h2 class=\"has-text-color has-text-align-center wp-block-heading\" style=\"color: #05283c;\"><span style=\"color: #003366;\"><strong>BELOUGA PLONG\u00c9E CAP D\u2019AGDE<\/strong><\/span><\/h2>\n\t\t\t\t\t\t\t\t<\/div>\n\t\t\t\t<\/div>\n\t\t\t\t\t<\/div>\n\t\t<\/div>\n\t\t\t\t\t<\/div>\n\t\t<\/section>\n\t\t\t\t<\/div>\n\t\t","protected":false},"excerpt":{"rendered":"<p>FAIRE DE LA PLONG\u00c9E, COMBIEN \u00c7A CO\u00dbTE ? \u00a0 Chaque sport \u00e0 un co\u00fbt, mais rapporte aussi beaucoup en sensation, en s\u00e9r\u00e9nit\u00e9, en aventure ou encore en rencontres. Les moyens techniques et humains \u00e9tant importants pour pratiquer la plong\u00e9e, il faut s\u2019attendre \u00e0 pr\u00e9parer un budget cons\u00e9quent, comme dans d\u2019autres sports comme le ski, l\u2019\u00e9quitation, <a class=\"read-more\" href=\"https:\/\/plongeeagde.belougaplongee.fr\/accueil-2\/tarif-2020\">READ MORE<\/a><\/p>\n","protected":false},"author":1,"featured_media":0,"parent":0,"menu_order":0,"comment_status":"closed","ping_status":"closed","template":"","meta":{"footnotes":""},"class_list":["post-62","page","type-page","status-publish","hentry"],"yoast_head":"<!-- This site is optimized with the Yoast SEO plugin v27.5 - https:\/\/yoast.com\/product\/yoast-seo-wordpress\/ -->\n<title>Tarif 2025 - B\u00e9louga Plong\u00e9e<\/title>\n<meta name=\"robots\" content=\"index, follow, max-snippet:-1, max-image-preview:large, max-video-preview:-1\" \/>\n<link rel=\"canonical\" href=\"https:\/\/plongeeagde.belougaplongee.fr\/accueil-2\/tarif-2020\" \/>\n<meta property=\"og:locale\" content=\"fr_FR\" \/>\n<meta property=\"og:type\" content=\"article\" \/>\n<meta property=\"og:title\" content=\"Tarif 2025 - B\u00e9louga Plong\u00e9e\" \/>\n<meta property=\"og:description\" content=\"FAIRE DE LA PLONG\u00c9E, COMBIEN \u00c7A CO\u00dbTE ? \u00a0 Chaque sport \u00e0 un co\u00fbt, mais rapporte aussi beaucoup en sensation, en s\u00e9r\u00e9nit\u00e9, en aventure ou encore en rencontres. Les moyens techniques et humains \u00e9tant importants pour pratiquer la plong\u00e9e, il faut s\u2019attendre \u00e0 pr\u00e9parer un budget cons\u00e9quent, comme dans d\u2019autres sports comme le ski, l\u2019\u00e9quitation, READ MORE\" \/>\n<meta property=\"og:url\" content=\"https:\/\/plongeeagde.belougaplongee.fr\/accueil-2\/tarif-2020\" \/>\n<meta property=\"og:site_name\" content=\"B\u00e9louga Plong\u00e9e\" \/>\n<meta property=\"article:modified_time\" content=\"2025-12-30T15:25:04+00:00\" \/>\n<meta property=\"og:image\" content=\"https:\/\/plongeeagde.belougaplongee.fr\/wp-content\/uploads\/2020\/05\/thumbnail_IMG_2586.jpg\" \/>\n\t<meta property=\"og:image:width\" content=\"640\" \/>\n\t<meta property=\"og:image:height\" content=\"481\" \/>\n\t<meta property=\"og:image:type\" content=\"image\/jpeg\" \/>\n<meta name=\"twitter:card\" content=\"summary_large_image\" \/>\n<meta name=\"twitter:label1\" content=\"Dur\u00e9e de lecture estim\u00e9e\" \/>\n\t<meta name=\"twitter:data1\" content=\"1 minute\" \/>\n<script type=\"application\/ld+json\" class=\"yoast-schema-graph\">{\"@context\":\"https:\\\/\\\/schema.org\",\"@graph\":[{\"@type\":\"WebPage\",\"@id\":\"https:\\\/\\\/plongeeagde.belougaplongee.fr\\\/accueil-2\\\/tarif-2020\",\"url\":\"https:\\\/\\\/plongeeagde.belougaplongee.fr\\\/accueil-2\\\/tarif-2020\",\"name\":\"Tarif 2025 - B\u00e9louga Plong\u00e9e\",\"isPartOf\":{\"@id\":\"https:\\\/\\\/plongeeagde.belougaplongee.fr\\\/accueil-2\\\/#website\"},\"primaryImageOfPage\":{\"@id\":\"https:\\\/\\\/plongeeagde.belougaplongee.fr\\\/accueil-2\\\/tarif-2020#primaryimage\"},\"image\":{\"@id\":\"https:\\\/\\\/plongeeagde.belougaplongee.fr\\\/accueil-2\\\/tarif-2020#primaryimage\"},\"thumbnailUrl\":\"http:\\\/\\\/plongeeagde.belougaplongee.fr\\\/wp-content\\\/uploads\\\/2020\\\/05\\\/thumbnail_IMG_2586.jpg\",\"datePublished\":\"2020-01-02T23:57:53+00:00\",\"dateModified\":\"2025-12-30T15:25:04+00:00\",\"breadcrumb\":{\"@id\":\"https:\\\/\\\/plongeeagde.belougaplongee.fr\\\/accueil-2\\\/tarif-2020#breadcrumb\"},\"inLanguage\":\"fr-FR\",\"potentialAction\":[{\"@type\":\"ReadAction\",\"target\":[\"https:\\\/\\\/plongeeagde.belougaplongee.fr\\\/accueil-2\\\/tarif-2020\"]}]},{\"@type\":\"ImageObject\",\"inLanguage\":\"fr-FR\",\"@id\":\"https:\\\/\\\/plongeeagde.belougaplongee.fr\\\/accueil-2\\\/tarif-2020#primaryimage\",\"url\":\"http:\\\/\\\/plongeeagde.belougaplongee.fr\\\/wp-content\\\/uploads\\\/2020\\\/05\\\/thumbnail_IMG_2586.jpg\",\"contentUrl\":\"http:\\\/\\\/plongeeagde.belougaplongee.fr\\\/wp-content\\\/uploads\\\/2020\\\/05\\\/thumbnail_IMG_2586.jpg\"},{\"@type\":\"BreadcrumbList\",\"@id\":\"https:\\\/\\\/plongeeagde.belougaplongee.fr\\\/accueil-2\\\/tarif-2020#breadcrumb\",\"itemListElement\":[{\"@type\":\"ListItem\",\"position\":1,\"name\":\"Accueil\",\"item\":\"https:\\\/\\\/plongeeagde.belougaplongee.fr\\\/accueil-2\\\/\"},{\"@type\":\"ListItem\",\"position\":2,\"name\":\"Tarif 2025\"}]},{\"@type\":\"WebSite\",\"@id\":\"https:\\\/\\\/plongeeagde.belougaplongee.fr\\\/accueil-2\\\/#website\",\"url\":\"https:\\\/\\\/plongeeagde.belougaplongee.fr\\\/accueil-2\\\/\",\"name\":\"B\u00e9louga Plong\u00e9e\",\"description\":\"Plong\u00e9e personnalis\u00e9e au Cap d&#039;Agde\",\"potentialAction\":[{\"@type\":\"SearchAction\",\"target\":{\"@type\":\"EntryPoint\",\"urlTemplate\":\"https:\\\/\\\/plongeeagde.belougaplongee.fr\\\/accueil-2\\\/?s={search_term_string}\"},\"query-input\":{\"@type\":\"PropertyValueSpecification\",\"valueRequired\":true,\"valueName\":\"search_term_string\"}}],\"inLanguage\":\"fr-FR\"}]}<\/script>\n<!-- \/ Yoast SEO plugin. -->","yoast_head_json":{"title":"Tarif 2025 - B\u00e9louga Plong\u00e9e","robots":{"index":"index","follow":"follow","max-snippet":"max-snippet:-1","max-image-preview":"max-image-preview:large","max-video-preview":"max-video-preview:-1"},"canonical":"https:\/\/plongeeagde.belougaplongee.fr\/accueil-2\/tarif-2020","og_locale":"fr_FR","og_type":"article","og_title":"Tarif 2025 - B\u00e9louga Plong\u00e9e","og_description":"FAIRE DE LA PLONG\u00c9E, COMBIEN \u00c7A CO\u00dbTE ? \u00a0 Chaque sport \u00e0 un co\u00fbt, mais rapporte aussi beaucoup en sensation, en s\u00e9r\u00e9nit\u00e9, en aventure ou encore en rencontres. Les moyens techniques et humains \u00e9tant importants pour pratiquer la plong\u00e9e, il faut s\u2019attendre \u00e0 pr\u00e9parer un budget cons\u00e9quent, comme dans d\u2019autres sports comme le ski, l\u2019\u00e9quitation, READ MORE","og_url":"https:\/\/plongeeagde.belougaplongee.fr\/accueil-2\/tarif-2020","og_site_name":"B\u00e9louga Plong\u00e9e","article_modified_time":"2025-12-30T15:25:04+00:00","og_image":[{"width":640,"height":481,"url":"https:\/\/plongeeagde.belougaplongee.fr\/wp-content\/uploads\/2020\/05\/thumbnail_IMG_2586.jpg","type":"image\/jpeg"}],"twitter_card":"summary_large_image","twitter_misc":{"Dur\u00e9e de lecture estim\u00e9e":"1 minute"},"schema":{"@context":"https:\/\/schema.org","@graph":[{"@type":"WebPage","@id":"https:\/\/plongeeagde.belougaplongee.fr\/accueil-2\/tarif-2020","url":"https:\/\/plongeeagde.belougaplongee.fr\/accueil-2\/tarif-2020","name":"Tarif 2025 - B\u00e9louga Plong\u00e9e","isPartOf":{"@id":"https:\/\/plongeeagde.belougaplongee.fr\/accueil-2\/#website"},"primaryImageOfPage":{"@id":"https:\/\/plongeeagde.belougaplongee.fr\/accueil-2\/tarif-2020#primaryimage"},"image":{"@id":"https:\/\/plongeeagde.belougaplongee.fr\/accueil-2\/tarif-2020#primaryimage"},"thumbnailUrl":"http:\/\/plongeeagde.belougaplongee.fr\/wp-content\/uploads\/2020\/05\/thumbnail_IMG_2586.jpg","datePublished":"2020-01-02T23:57:53+00:00","dateModified":"2025-12-30T15:25:04+00:00","breadcrumb":{"@id":"https:\/\/plongeeagde.belougaplongee.fr\/accueil-2\/tarif-2020#breadcrumb"},"inLanguage":"fr-FR","potentialAction":[{"@type":"ReadAction","target":["https:\/\/plongeeagde.belougaplongee.fr\/accueil-2\/tarif-2020"]}]},{"@type":"ImageObject","inLanguage":"fr-FR","@id":"https:\/\/plongeeagde.belougaplongee.fr\/accueil-2\/tarif-2020#primaryimage","url":"http:\/\/plongeeagde.belougaplongee.fr\/wp-content\/uploads\/2020\/05\/thumbnail_IMG_2586.jpg","contentUrl":"http:\/\/plongeeagde.belougaplongee.fr\/wp-content\/uploads\/2020\/05\/thumbnail_IMG_2586.jpg"},{"@type":"BreadcrumbList","@id":"https:\/\/plongeeagde.belougaplongee.fr\/accueil-2\/tarif-2020#breadcrumb","itemListElement":[{"@type":"ListItem","position":1,"name":"Accueil","item":"https:\/\/plongeeagde.belougaplongee.fr\/accueil-2\/"},{"@type":"ListItem","position":2,"name":"Tarif 2025"}]},{"@type":"WebSite","@id":"https:\/\/plongeeagde.belougaplongee.fr\/accueil-2\/#website","url":"https:\/\/plongeeagde.belougaplongee.fr\/accueil-2\/","name":"B\u00e9louga Plong\u00e9e","description":"Plong\u00e9e personnalis\u00e9e au Cap d&#039;Agde","potentialAction":[{"@type":"SearchAction","target":{"@type":"EntryPoint","urlTemplate":"https:\/\/plongeeagde.belougaplongee.fr\/accueil-2\/?s={search_term_string}"},"query-input":{"@type":"PropertyValueSpecification","valueRequired":true,"valueName":"search_term_string"}}],"inLanguage":"fr-FR"}]}},"_links":{"self":[{"href":"https:\/\/plongeeagde.belougaplongee.fr\/accueil-2\/wp-json\/wp\/v2\/pages\/62","targetHints":{"allow":["GET"]}}],"collection":[{"href":"https:\/\/plongeeagde.belougaplongee.fr\/accueil-2\/wp-json\/wp\/v2\/pages"}],"about":[{"href":"https:\/\/plongeeagde.belougaplongee.fr\/accueil-2\/wp-json\/wp\/v2\/types\/page"}],"author":[{"embeddable":true,"href":"https:\/\/plongeeagde.belougaplongee.fr\/accueil-2\/wp-json\/wp\/v2\/users\/1"}],"replies":[{"embeddable":true,"href":"https:\/\/plongeeagde.belougaplongee.fr\/accueil-2\/wp-json\/wp\/v2\/comments?post=62"}],"version-history":[{"count":69,"href":"https:\/\/plongeeagde.belougaplongee.fr\/accueil-2\/wp-json\/wp\/v2\/pages\/62\/revisions"}],"predecessor-version":[{"id":4445,"href":"https:\/\/plongeeagde.belougaplongee.fr\/accueil-2\/wp-json\/wp\/v2\/pages\/62\/revisions\/4445"}],"wp:attachment":[{"href":"https:\/\/plongeeagde.belougaplongee.fr\/accueil-2\/wp-json\/wp\/v2\/media?parent=62"}],"curies":[{"name":"wp","href":"https:\/\/api.w.org\/{rel}","templated":true}]}}