{"id":2678,"date":"2020-05-20T14:21:25","date_gmt":"2020-05-20T14:21:25","guid":{"rendered":"http:\/\/plongeeagde.belougaplongee.fr\/accueil-2\/?page_id=2678"},"modified":"2025-12-30T16:26:50","modified_gmt":"2025-12-30T16:26:50","slug":"tarif-formation-enfant","status":"publish","type":"page","link":"https:\/\/plongeeagde.belougaplongee.fr\/accueil-2\/tarif-formation-enfant","title":{"rendered":"Tarif Formation Enfant"},"content":{"rendered":"\t\t<div data-elementor-type=\"wp-page\" data-elementor-id=\"2678\" class=\"elementor elementor-2678\">\n\t\t\t\t\t\t<section class=\"elementor-section elementor-top-section elementor-element elementor-element-d63d4c elementor-section-boxed elementor-section-height-default elementor-section-height-default\" data-id=\"d63d4c\" data-element_type=\"section\" data-e-type=\"section\">\n\t\t\t\t\t\t<div class=\"elementor-container elementor-column-gap-default\">\n\t\t\t\t\t<div class=\"elementor-column elementor-col-100 elementor-top-column elementor-element elementor-element-4e957132\" data-id=\"4e957132\" data-element_type=\"column\" data-e-type=\"column\">\n\t\t\t<div class=\"elementor-widget-wrap elementor-element-populated\">\n\t\t\t\t\t\t<div class=\"elementor-element elementor-element-4b9ae1ff elementor-widget elementor-widget-text-editor\" data-id=\"4b9ae1ff\" data-element_type=\"widget\" data-e-type=\"widget\" data-widget_type=\"text-editor.default\">\n\t\t\t\t<div class=\"elementor-widget-container\">\n\t\t\t\t\t\t\t\t\t\n<h2 class=\"wp-block-spacer\" style=\"height: 20px;\" aria-hidden=\"true\">\u00a0<\/h2>\n<h2><\/h2>\n<h1 class=\"wp-block-heading\"><span style=\"color: #003366;\"><strong>PROGRAMME ENFANT<\/strong><\/span><\/h1>\n<p><span style=\"color: #003366;\"><\/span><\/p>\n<h4><span style=\"color: #003366;\"><\/span><\/h4>\n<h4 class=\"wp-block-spacer\" style=\"height: 22px;\" aria-hidden=\"true\">\u00a0<\/h4>\n<h4><span style=\"color: #003366;\"><\/span><\/h4>\n<h2 class=\"wp-block-heading has-vivid-cyan-blue-color has-text-color\"><span style=\"color: #003366;\"><strong>PLONGEES\u00a0 DE DECOUVERTES &#8211; BAPTEME<\/strong>\u00a0<strong>&#8211;<\/strong> <strong>1 s\u00e9ance<\/strong><\/span><\/h2>\n<h4><span style=\"color: #003366;\"><\/span><\/h4>\n<table>\n<tbody>\n<tr>\n<td><span style=\"color: #003366;\"><strong>Bapt\u00eame de plong\u00e9e enfant<\/strong> (8-11 ans)<\/span><br \/><span style=\"color: #003366;\">1 plong\u00e9e + dipl\u00f4me souvenir<\/span><\/td>\n<td style=\"text-align: center;\"><strong><span style=\"color: #003366;\">80 \u20ac<\/span><\/strong><\/td>\n<\/tr>\n<tr>\n<td><span style=\"color: #003366;\"><strong>Baby-Plong\u00e9e\u00a9 <\/strong>(sp\u00e9cial 5-7 ans)<\/span><br \/><span style=\"color: #003366;\">Votre enfant aime l\u2019eau et s\u2019y sent bien ?<\/span><br \/><span style=\"color: #003366;\">B\u00e9louga Plong\u00e9e propose \u00e0 votre bout&rsquo;chou une d\u00e9couverte ludique de la plong\u00e9e en bouteille \u00e0 partir de <\/span><br \/><span style=\"color: #003366;\">5 ans la Baby-Plong\u00e9e\u00a9. Premier contact avec la plong\u00e9e, la Baby-Plong\u00e9e\u00a9 c&rsquo;est un moment privil\u00e9gi\u00e9 pour <\/span><br \/><span style=\"color: #003366;\">faire d\u00e9couvrir tout en douceur aux petits-plongeurs en herbe la plong\u00e9e en bouteille et les fonds sous-marins <\/span><br \/><span style=\"color: #003366;\">de faibles profondeurs (1 \u00e0 2 m\u00e8tres max).<\/span><br \/><span style=\"color: #003366;\">1 plong\u00e9e + dipl\u00f4me souvenir<\/span><\/td>\n<td style=\"text-align: center;\"><strong><span style=\"color: #003366;\">80 \u20ac<\/span><\/strong><\/td>\n<\/tr>\n<\/tbody>\n<\/table>\n<h4><span style=\"color: #003366;\"><\/span><\/h4>\n<h4><span style=\"color: #003366;\"><\/span><\/h4>\n<h2 class=\"wp-block-heading has-vivid-cyan-blue-color has-text-color\"><span style=\"color: #003366;\"><strong>STAGES DECOUVERTES PLONGEE ENFANT &#8211; 3 s\u00e9ances<\/strong><\/span><\/h2>\n<h4><span style=\"color: #003366;\"><\/span><\/h4>\n<table>\n<tbody>\n<tr>\n<td><span style=\"color: #003366;\"><strong>Stage d\u00e9couverte \u00ab\u00a0Baby-Plongeur\u00a0\u00bb sp\u00e9cial 5-7 ans<\/strong> <\/span><br \/><span style=\"color: #003366;\">3 plong\u00e9es de d\u00e9couvertes sp\u00e9cialement adapt\u00e9es aux tout-petits + carnet de plong\u00e9e enfant + pr\u00eat de mat\u00e9riel<\/span><\/td>\n<td><strong><span style=\"color: #003366;\">225 \u20ac<\/span><\/strong><\/td>\n<\/tr>\n<\/tbody>\n<\/table>\n<h4><span style=\"color: #003366;\"><\/span><\/h4>\n<table>\n<tbody>\n<tr>\n<td><span style=\"color: #003366;\"><strong>Stage d\u00e9couverte <strong>\u00ab<\/strong><\/strong> <strong>Mini bulle<\/strong> <strong>\u00bb<\/strong> <strong>pour les 8-13 ans<\/strong><\/span><br \/><span style=\"color: #003366;\">1 bapt\u00eame + 2 plong\u00e9es de d\u00e9couverte (ou 3 plong\u00e9es de d\u00e9couverte) + pr\u00eat de mat\u00e9riel + carnet de plong\u00e9e<\/span><\/td>\n<td><strong><span style=\"color: #003366;\">220 \u20ac<\/span><\/strong><\/td>\n<\/tr>\n<tr>\n<td>\u00a0<\/td>\n<td>\u00a0<\/td>\n<\/tr>\n<tr>\n<td>\u00a0<\/td>\n<td>\u00a0<\/td>\n<\/tr>\n<\/tbody>\n<\/table>\n<h4><span style=\"color: #003366;\"><\/span><\/h4>\n<h4><span style=\"color: #003366;\"><\/span><\/h4>\n<h2 class=\"wp-block-heading\"><span style=\"color: #003366;\"><strong>STAGES SEMAINE ENFANT &#8211; 5 s\u00e9ances\u00a0<\/strong><\/span><\/h2>\n<h4><span style=\"color: #003366;\"><\/span><\/h4>\n<h4 class=\"has-normal-font-size\"><span style=\"color: #003366;\">Les enfants qui aiment l&rsquo;eau et qui s&rsquo;y sentent \u00e0 l&rsquo;aise vont adorer ces stages de plong\u00e9e ! Gr\u00e2ce \u00e0 ces formules en 5 plong\u00e9es, ils d\u00e9couvrir ont la mer et la plong\u00e9e, se sensibiliseront au milieu marin et apprendront les bons r\u00e9flexes avec une approche ludique et progressive. Les stages semaine ne correspondent pas \u00e0 un cursus particulier. Il n\u2019y a pas apprentissage syst\u00e9matique, l\u2019instructeur favorise la libre d\u00e9couverte, il incite \u00e0 exp\u00e9rimenter, observer, comparer, imaginer des th\u00e9ories et v\u00e9rifier ainsi les enfants gardent un souvenir durable de leurs d\u00e9couvertes.<\/span><\/h4>\n<h4><span style=\"color: #003366;\"><\/span><\/h4>\n<table>\n<tbody>\n<tr>\n<td><span style=\"color: #003366;\"><strong>Stage semaine \u00ab\u00a0Baby-Plongeur\u00a0\u00bb sp\u00e9cial 5-7 ans<\/strong> <\/span><br \/><span style=\"color: #003366;\">5 plong\u00e9es de d\u00e9couvertes sp\u00e9cialement adapt\u00e9es aux touts- petits + carnet de plong\u00e9e enfant + <\/span><br \/><span style=\"color: #003366;\">pr\u00eat de mat\u00e9riel<\/span><\/td>\n<td style=\"text-align: center;\"><strong><span style=\"color: #003366;\">370 \u20ac<\/span><\/strong><\/td>\n<\/tr>\n<\/tbody>\n<\/table>\n<h4><span style=\"color: #003366;\"><\/span><\/h4>\n<table>\n<tbody>\n<tr>\n<td><span style=\"color: #003366;\"><strong>Stage semaine N\u00b01 : pour les 8-13 ans<\/strong><\/span><br \/><span style=\"color: #003366;\"><strong>PETIT PLOUF<\/strong><\/span><br \/><span style=\"color: #003366;\">5 plong\u00e9es de d\u00e9couverte + carnet de plong\u00e9e enfant + pr\u00eat de mat\u00e9riel<\/span><\/td>\n<td class=\"has-text-align-left\" style=\"text-align: center;\" data-align=\"left\"><strong><span style=\"color: #003366;\">350 \u20ac<\/span><\/strong><\/td>\n<\/tr>\n<tr>\n<td><span style=\"color: #003366;\"><strong>Stage semaine N\u00b02 : pour les 8-14 ans<\/strong><\/span><br \/><span style=\"color: #003366;\"><strong>PETIT PLONGEUR &#8211; Qualification Aquaticus<\/strong><\/span><br \/><span style=\"color: #003366;\">5 plong\u00e9es : Qualification Aquaticus en 5 plong\u00e9es de formation et th\u00e9matiques + pr\u00eat de mat\u00e9riel<\/span><\/td>\n<td class=\"has-text-align-left\" style=\"text-align: center;\" data-align=\"left\"><strong><span style=\"color: #003366;\">340 \u20ac<\/span><\/strong><\/td>\n<\/tr>\n<tr>\n<td><span style=\"color: #003366;\"><strong>Stage semaine N\u00b03 : pour les 8-14 ans<\/strong><\/span><br \/><span style=\"color: #003366;\"><strong>PETIT BAROUDEUR<\/strong> &#8211;<strong> Qualification T\u00e9tardo <\/strong><\/span><br \/><span style=\"color: #003366;\">Qualification T\u00e9tardo en 5 plong\u00e9es de formation et th\u00e9matiques + pr\u00eat de mat\u00e9riel<\/span><\/td>\n<td class=\"has-text-align-left\" style=\"text-align: center;\" data-align=\"left\"><strong><span style=\"color: #003366;\">340 \u20ac<\/span><\/strong><\/td>\n<\/tr>\n<tr>\n<td><span style=\"color: #003366;\"><strong>Stage semaine N\u00b04 : pour les 11-14 ans<\/strong><\/span><br \/><span style=\"color: #003366;\"><strong>PETIT EXPERT<\/strong> &#8211;<strong> Qualification Explorator <\/strong><\/span><br \/><span style=\"color: #003366;\">Qualification Explorator en 5 plong\u00e9es de formation et th\u00e9matiques + pr\u00eat de mat\u00e9riel<\/span><\/td>\n<td class=\"has-text-align-left\" style=\"text-align: center;\" data-align=\"left\"><strong><span style=\"color: #003366;\">340 \u20ac<\/span><\/strong><\/td>\n<\/tr>\n<\/tbody>\n<\/table>\n<h4><span style=\"color: #003366;\"><\/span><\/h4>\n<table>\n<tbody>\n<tr>\n<td><span style=\"color: #003366;\"><strong>Carte de qualification enfant<\/strong> <strong>:<\/strong> Aquaticus, T\u00e9tardo ou Explorator<\/span><\/td>\n<td style=\"text-align: center;\"><strong><span style=\"color: #003366;\">30 \u20ac<\/span><\/strong><\/td>\n<\/tr>\n<\/tbody>\n<\/table>\n<h4><span style=\"color: #003366;\"><\/span><\/h4>\n<h2><span style=\"color: #003366;\"><\/span><\/h2>\n<h2 class=\"wp-block-heading has-vivid-cyan-blue-color has-text-color\"><span style=\"color: #003366;\"><strong>EXPLORATION ADO et ENFANT\u00a0<\/strong><\/span><\/h2>\n<h4><span style=\"color: #003366;\"><\/span><\/h4>\n<table>\n<tbody>\n<tr>\n<td><span style=\"color: #003366;\"><strong>Plong\u00e9e d\u2019exploration (enfant moins de 12 ans)<\/strong><\/span><br \/><span style=\"color: #003366;\">1 plong\u00e9e + pr\u00eat de mat\u00e9riel Pour enfant d\u00e9j\u00e0 dipl\u00f4m\u00e9 en plong\u00e9e. <\/span><br \/><span style=\"color: #003366;\">Merci de nous pr\u00e9senter le carnet de plong\u00e9e.<\/span><\/td>\n<td style=\"text-align: center;\"><strong><span style=\"color: #003366;\">70 \u20ac<\/span><\/strong><\/td>\n<\/tr>\n<\/tbody>\n<\/table>\n<h4><span style=\"color: #003366;\"><\/span><\/h4>\n<table>\n<tbody>\n<tr>\n<td><span style=\"color: #003366;\"><strong>Randonn\u00e9e Palm\u00e9e, Snorkeling Trip, mat\u00e9riel inclus, trajet en bateau<\/strong><\/span><\/td>\n<td style=\"text-align: center;\"><strong><span style=\"color: #003366;\">45 \u20ac<\/span><\/strong><\/td>\n<\/tr>\n<\/tbody>\n<\/table>\n<h4><span style=\"color: #003366;\"><\/span><\/h4>\n<h4 class=\"wp-block-spacer\" style=\"height: 20px;\" aria-hidden=\"true\">\u00a0<\/h4>\n<p><span style=\"color: #003366;\"><\/span><\/p>\n<h1 class=\"wp-block-heading has-text-align-center\"><span style=\"color: #003366;\"><strong>B<strong>\u00c9<\/strong>LOUGA PLONG\u00c9E CAP D&rsquo;AGDE<\/strong><\/span><\/h1>\n<p><span style=\"color: #003366;\"><\/span><\/p>\n<p>\u00a0<\/p>\n\t\t\t\t\t\t\t\t<\/div>\n\t\t\t\t<\/div>\n\t\t\t\t\t<\/div>\n\t\t<\/div>\n\t\t\t\t\t<\/div>\n\t\t<\/section>\n\t\t\t\t<\/div>\n\t\t","protected":false},"excerpt":{"rendered":"<p>PROGRAMME ENFANT PLONGEES\u00a0 DE DECOUVERTES &#8211; BAPTEME\u00a0&#8211; 1 s\u00e9ance Bapt\u00eame de plong\u00e9e enfant (8-11 ans)1 plong\u00e9e + dipl\u00f4me souvenir 80 \u20ac Baby-Plong\u00e9e\u00a9 (sp\u00e9cial 5-7 ans)Votre enfant aime l\u2019eau et s\u2019y sent bien ?B\u00e9louga Plong\u00e9e propose \u00e0 votre bout&rsquo;chou une d\u00e9couverte ludique de la plong\u00e9e en bouteille \u00e0 partir de 5 ans la Baby-Plong\u00e9e\u00a9. Premier contact <a class=\"read-more\" href=\"https:\/\/plongeeagde.belougaplongee.fr\/accueil-2\/tarif-formation-enfant\">READ MORE<\/a><\/p>\n","protected":false},"author":1,"featured_media":0,"parent":0,"menu_order":0,"comment_status":"closed","ping_status":"closed","template":"","meta":{"footnotes":""},"class_list":["post-2678","page","type-page","status-publish","hentry"],"yoast_head":"<!-- This site is optimized with the Yoast SEO plugin v27.5 - https:\/\/yoast.com\/product\/yoast-seo-wordpress\/ -->\n<title>Tarif Formation Enfant - B\u00e9louga Plong\u00e9e<\/title>\n<meta name=\"robots\" content=\"index, follow, max-snippet:-1, max-image-preview:large, max-video-preview:-1\" \/>\n<link rel=\"canonical\" href=\"https:\/\/plongeeagde.belougaplongee.fr\/accueil-2\/tarif-formation-enfant\" \/>\n<meta property=\"og:locale\" content=\"fr_FR\" \/>\n<meta property=\"og:type\" content=\"article\" \/>\n<meta property=\"og:title\" content=\"Tarif Formation Enfant - B\u00e9louga Plong\u00e9e\" \/>\n<meta property=\"og:description\" content=\"PROGRAMME ENFANT PLONGEES\u00a0 DE DECOUVERTES &#8211; BAPTEME\u00a0&#8211; 1 s\u00e9ance Bapt\u00eame de plong\u00e9e enfant (8-11 ans)1 plong\u00e9e + dipl\u00f4me souvenir 80 \u20ac Baby-Plong\u00e9e\u00a9 (sp\u00e9cial 5-7 ans)Votre enfant aime l\u2019eau et s\u2019y sent bien ?B\u00e9louga Plong\u00e9e propose \u00e0 votre bout&rsquo;chou une d\u00e9couverte ludique de la plong\u00e9e en bouteille \u00e0 partir de 5 ans la Baby-Plong\u00e9e\u00a9. Premier contact READ MORE\" \/>\n<meta property=\"og:url\" content=\"https:\/\/plongeeagde.belougaplongee.fr\/accueil-2\/tarif-formation-enfant\" \/>\n<meta property=\"og:site_name\" content=\"B\u00e9louga Plong\u00e9e\" \/>\n<meta property=\"article:modified_time\" content=\"2025-12-30T16:26:50+00:00\" \/>\n<meta name=\"twitter:card\" content=\"summary_large_image\" \/>\n<meta name=\"twitter:label1\" content=\"Dur\u00e9e de lecture estim\u00e9e\" \/>\n\t<meta name=\"twitter:data1\" content=\"3 minutes\" \/>\n<script type=\"application\/ld+json\" class=\"yoast-schema-graph\">{\"@context\":\"https:\\\/\\\/schema.org\",\"@graph\":[{\"@type\":\"WebPage\",\"@id\":\"https:\\\/\\\/plongeeagde.belougaplongee.fr\\\/accueil-2\\\/tarif-formation-enfant\",\"url\":\"https:\\\/\\\/plongeeagde.belougaplongee.fr\\\/accueil-2\\\/tarif-formation-enfant\",\"name\":\"Tarif Formation Enfant - B\u00e9louga Plong\u00e9e\",\"isPartOf\":{\"@id\":\"https:\\\/\\\/plongeeagde.belougaplongee.fr\\\/accueil-2\\\/#website\"},\"datePublished\":\"2020-05-20T14:21:25+00:00\",\"dateModified\":\"2025-12-30T16:26:50+00:00\",\"breadcrumb\":{\"@id\":\"https:\\\/\\\/plongeeagde.belougaplongee.fr\\\/accueil-2\\\/tarif-formation-enfant#breadcrumb\"},\"inLanguage\":\"fr-FR\",\"potentialAction\":[{\"@type\":\"ReadAction\",\"target\":[\"https:\\\/\\\/plongeeagde.belougaplongee.fr\\\/accueil-2\\\/tarif-formation-enfant\"]}]},{\"@type\":\"BreadcrumbList\",\"@id\":\"https:\\\/\\\/plongeeagde.belougaplongee.fr\\\/accueil-2\\\/tarif-formation-enfant#breadcrumb\",\"itemListElement\":[{\"@type\":\"ListItem\",\"position\":1,\"name\":\"Accueil\",\"item\":\"https:\\\/\\\/plongeeagde.belougaplongee.fr\\\/accueil-2\\\/\"},{\"@type\":\"ListItem\",\"position\":2,\"name\":\"Tarif Formation Enfant\"}]},{\"@type\":\"WebSite\",\"@id\":\"https:\\\/\\\/plongeeagde.belougaplongee.fr\\\/accueil-2\\\/#website\",\"url\":\"https:\\\/\\\/plongeeagde.belougaplongee.fr\\\/accueil-2\\\/\",\"name\":\"B\u00e9louga Plong\u00e9e\",\"description\":\"Plong\u00e9e personnalis\u00e9e au Cap d&#039;Agde\",\"potentialAction\":[{\"@type\":\"SearchAction\",\"target\":{\"@type\":\"EntryPoint\",\"urlTemplate\":\"https:\\\/\\\/plongeeagde.belougaplongee.fr\\\/accueil-2\\\/?s={search_term_string}\"},\"query-input\":{\"@type\":\"PropertyValueSpecification\",\"valueRequired\":true,\"valueName\":\"search_term_string\"}}],\"inLanguage\":\"fr-FR\"}]}<\/script>\n<!-- \/ Yoast SEO plugin. -->","yoast_head_json":{"title":"Tarif Formation Enfant - B\u00e9louga Plong\u00e9e","robots":{"index":"index","follow":"follow","max-snippet":"max-snippet:-1","max-image-preview":"max-image-preview:large","max-video-preview":"max-video-preview:-1"},"canonical":"https:\/\/plongeeagde.belougaplongee.fr\/accueil-2\/tarif-formation-enfant","og_locale":"fr_FR","og_type":"article","og_title":"Tarif Formation Enfant - B\u00e9louga Plong\u00e9e","og_description":"PROGRAMME ENFANT PLONGEES\u00a0 DE DECOUVERTES &#8211; BAPTEME\u00a0&#8211; 1 s\u00e9ance Bapt\u00eame de plong\u00e9e enfant (8-11 ans)1 plong\u00e9e + dipl\u00f4me souvenir 80 \u20ac Baby-Plong\u00e9e\u00a9 (sp\u00e9cial 5-7 ans)Votre enfant aime l\u2019eau et s\u2019y sent bien ?B\u00e9louga Plong\u00e9e propose \u00e0 votre bout&rsquo;chou une d\u00e9couverte ludique de la plong\u00e9e en bouteille \u00e0 partir de 5 ans la Baby-Plong\u00e9e\u00a9. Premier contact READ MORE","og_url":"https:\/\/plongeeagde.belougaplongee.fr\/accueil-2\/tarif-formation-enfant","og_site_name":"B\u00e9louga Plong\u00e9e","article_modified_time":"2025-12-30T16:26:50+00:00","twitter_card":"summary_large_image","twitter_misc":{"Dur\u00e9e de lecture estim\u00e9e":"3 minutes"},"schema":{"@context":"https:\/\/schema.org","@graph":[{"@type":"WebPage","@id":"https:\/\/plongeeagde.belougaplongee.fr\/accueil-2\/tarif-formation-enfant","url":"https:\/\/plongeeagde.belougaplongee.fr\/accueil-2\/tarif-formation-enfant","name":"Tarif Formation Enfant - B\u00e9louga Plong\u00e9e","isPartOf":{"@id":"https:\/\/plongeeagde.belougaplongee.fr\/accueil-2\/#website"},"datePublished":"2020-05-20T14:21:25+00:00","dateModified":"2025-12-30T16:26:50+00:00","breadcrumb":{"@id":"https:\/\/plongeeagde.belougaplongee.fr\/accueil-2\/tarif-formation-enfant#breadcrumb"},"inLanguage":"fr-FR","potentialAction":[{"@type":"ReadAction","target":["https:\/\/plongeeagde.belougaplongee.fr\/accueil-2\/tarif-formation-enfant"]}]},{"@type":"BreadcrumbList","@id":"https:\/\/plongeeagde.belougaplongee.fr\/accueil-2\/tarif-formation-enfant#breadcrumb","itemListElement":[{"@type":"ListItem","position":1,"name":"Accueil","item":"https:\/\/plongeeagde.belougaplongee.fr\/accueil-2\/"},{"@type":"ListItem","position":2,"name":"Tarif Formation Enfant"}]},{"@type":"WebSite","@id":"https:\/\/plongeeagde.belougaplongee.fr\/accueil-2\/#website","url":"https:\/\/plongeeagde.belougaplongee.fr\/accueil-2\/","name":"B\u00e9louga Plong\u00e9e","description":"Plong\u00e9e personnalis\u00e9e au Cap d&#039;Agde","potentialAction":[{"@type":"SearchAction","target":{"@type":"EntryPoint","urlTemplate":"https:\/\/plongeeagde.belougaplongee.fr\/accueil-2\/?s={search_term_string}"},"query-input":{"@type":"PropertyValueSpecification","valueRequired":true,"valueName":"search_term_string"}}],"inLanguage":"fr-FR"}]}},"_links":{"self":[{"href":"https:\/\/plongeeagde.belougaplongee.fr\/accueil-2\/wp-json\/wp\/v2\/pages\/2678","targetHints":{"allow":["GET"]}}],"collection":[{"href":"https:\/\/plongeeagde.belougaplongee.fr\/accueil-2\/wp-json\/wp\/v2\/pages"}],"about":[{"href":"https:\/\/plongeeagde.belougaplongee.fr\/accueil-2\/wp-json\/wp\/v2\/types\/page"}],"author":[{"embeddable":true,"href":"https:\/\/plongeeagde.belougaplongee.fr\/accueil-2\/wp-json\/wp\/v2\/users\/1"}],"replies":[{"embeddable":true,"href":"https:\/\/plongeeagde.belougaplongee.fr\/accueil-2\/wp-json\/wp\/v2\/comments?post=2678"}],"version-history":[{"count":26,"href":"https:\/\/plongeeagde.belougaplongee.fr\/accueil-2\/wp-json\/wp\/v2\/pages\/2678\/revisions"}],"predecessor-version":[{"id":4472,"href":"https:\/\/plongeeagde.belougaplongee.fr\/accueil-2\/wp-json\/wp\/v2\/pages\/2678\/revisions\/4472"}],"wp:attachment":[{"href":"https:\/\/plongeeagde.belougaplongee.fr\/accueil-2\/wp-json\/wp\/v2\/media?parent=2678"}],"curies":[{"name":"wp","href":"https:\/\/api.w.org\/{rel}","templated":true}]}}