{"id":250,"date":"2020-01-03T20:09:03","date_gmt":"2020-01-03T20:09:03","guid":{"rendered":"http:\/\/plongeeagde.belougaplongee.fr\/accueil-2\/?page_id=250"},"modified":"2025-12-30T14:53:52","modified_gmt":"2025-12-30T14:53:52","slug":"formation-cadre","status":"publish","type":"page","link":"https:\/\/plongeeagde.belougaplongee.fr\/accueil-2\/formation-cadre","title":{"rendered":"FORMATION CADRE"},"content":{"rendered":"\t\t<div data-elementor-type=\"wp-page\" data-elementor-id=\"250\" class=\"elementor elementor-250\">\n\t\t\t\t\t\t<section class=\"elementor-section elementor-top-section elementor-element elementor-element-6ccdd3ac elementor-section-boxed elementor-section-height-default elementor-section-height-default\" data-id=\"6ccdd3ac\" data-element_type=\"section\" data-e-type=\"section\">\n\t\t\t\t\t\t<div class=\"elementor-container elementor-column-gap-default\">\n\t\t\t\t\t<div class=\"elementor-column elementor-col-100 elementor-top-column elementor-element elementor-element-30f67b44\" data-id=\"30f67b44\" data-element_type=\"column\" data-e-type=\"column\">\n\t\t\t<div class=\"elementor-widget-wrap elementor-element-populated\">\n\t\t\t\t\t\t<div class=\"elementor-element elementor-element-38a06140 elementor-widget elementor-widget-text-editor\" data-id=\"38a06140\" data-element_type=\"widget\" data-e-type=\"widget\" data-widget_type=\"text-editor.default\">\n\t\t\t\t<div class=\"elementor-widget-container\">\n\t\t\t\t\t\t\t\t\t\n<div class=\"wp-block-spacer\" style=\"height: 20px;\" aria-hidden=\"true\">\u00a0<\/div>\n\n<p><span style=\"color: #003366;\"><strong>FORMATION DE CADRE : PLONG\u00c9E ENFANT<\/strong><\/span><\/p>\n\n<div class=\"wp-block-spacer\" style=\"height: 20px;\" aria-hidden=\"true\">\u00a0<\/div>\n\n<figure class=\"wp-block-gallery columns-3 is-cropped wp-block-gallery-3 is-layout-flex wp-block-gallery-is-layout-flex\">\n<ul class=\"blocks-gallery-grid\">\n<li class=\"blocks-gallery-item\">\n<figure><img fetchpriority=\"high\" decoding=\"async\" width=\"300\" height=\"174\" class=\"wp-image-639\" src=\"http:\/\/plongeeagde.belougaplongee.fr\/wp-content\/uploads\/2020\/04\/52082262_2133430066750659_9079009080705548288_n-300x174.jpg\" alt=\"\" data-id=\"639\" srcset=\"https:\/\/plongeeagde.belougaplongee.fr\/wp-content\/uploads\/2020\/04\/52082262_2133430066750659_9079009080705548288_n-300x174.jpg 300w, https:\/\/plongeeagde.belougaplongee.fr\/wp-content\/uploads\/2020\/04\/52082262_2133430066750659_9079009080705548288_n.jpg 750w\" sizes=\"(max-width: 300px) 100vw, 300px\" \/><\/figure>\n<\/li>\n<li class=\"blocks-gallery-item\">\n<figure><img decoding=\"async\" width=\"199\" height=\"200\" class=\"wp-image-2500\" src=\"http:\/\/plongeeagde.belougaplongee.fr\/wp-content\/uploads\/2020\/05\/27993356_1664864083607262_3431435977729365355_o.jpg\" alt=\"\" data-id=\"2500\" data-full-url=\"http:\/\/plongeeagde.belougaplongee.fr\/wp-content\/uploads\/2020\/05\/27993356_1664864083607262_3431435977729365355_o.jpg\" data-link=\"https:\/\/plongeeagde.belougaplongee.fr\/accueil-2\/formation-cadre\/27993356_1664864083607262_3431435977729365355_o-2\" srcset=\"https:\/\/plongeeagde.belougaplongee.fr\/wp-content\/uploads\/2020\/05\/27993356_1664864083607262_3431435977729365355_o.jpg 199w, https:\/\/plongeeagde.belougaplongee.fr\/wp-content\/uploads\/2020\/05\/27993356_1664864083607262_3431435977729365355_o-150x150.jpg 150w\" sizes=\"(max-width: 199px) 100vw, 199px\" \/><\/figure>\n<\/li>\n<li class=\"blocks-gallery-item\">\n<figure><img decoding=\"async\" width=\"300\" height=\"225\" class=\"wp-image-2080\" src=\"http:\/\/plongeeagde.belougaplongee.fr\/wp-content\/uploads\/2020\/05\/27993813_1664863746940629_603105725789422765_o-1-300x225.jpg\" alt=\"\" data-id=\"2080\" data-link=\"https:\/\/plongeeagde.belougaplongee.fr\/accueil-2\/formation-cadre\/27993813_1664863746940629_603105725789422765_o-1\" srcset=\"https:\/\/plongeeagde.belougaplongee.fr\/wp-content\/uploads\/2020\/05\/27993813_1664863746940629_603105725789422765_o-1-300x225.jpg 300w, https:\/\/plongeeagde.belougaplongee.fr\/wp-content\/uploads\/2020\/05\/27993813_1664863746940629_603105725789422765_o-1-768x576.jpg 768w, https:\/\/plongeeagde.belougaplongee.fr\/wp-content\/uploads\/2020\/05\/27993813_1664863746940629_603105725789422765_o-1.jpg 960w\" sizes=\"(max-width: 300px) 100vw, 300px\" \/><\/figure>\n<\/li>\n<\/ul>\n<\/figure>\n\n<div class=\"wp-block-spacer\" style=\"height: 20px;\" aria-hidden=\"true\">\u00a0<\/div>\n\n<h4 class=\"wp-block-heading\"><span style=\"text-decoration: underline;\"><span style=\"color: #003366; text-decoration: underline;\"><strong>TARIF 2026 :<\/strong><\/span><\/span><\/h4>\n<p><span style=\"color: #003366;\"><\/span><\/p>\n<p style=\"font-size: 18px;\"><span style=\"color: #003366;\">Intervention \u00e0 partir de 350 \u20ac<\/span><\/p>\n\n<div class=\"wp-block-spacer\" style=\"height: 20px;\" aria-hidden=\"true\">\u00a0<\/div>\n\n<blockquote>\n<h4 class=\"wp-block-spacer\" style=\"height: 20px;\" aria-hidden=\"true\">\u00a0<\/h4>\n<h4><span style=\"color: #003366;\"><\/span><\/h4>\n<h4 class=\"has-text-align-center has-medium-font-size\"><span style=\"color: #003366;\"><em>Vous \u00eates moniteur(trice) de plong\u00e9e ? Vous souhaitez augmenter vos connaissances, votre employabilit\u00e9, la rentabilit\u00e9 de votre \u00e9cole de plong\u00e9e en d\u00e9veloppant vos comp\u00e9tences dans l\u2019enseignement de la plong\u00e9e aupr\u00e8s d\u2019enfants ?<\/em><em>\u00a0<\/em><\/span><\/h4>\n<\/blockquote>\n\n<h2 class=\"wp-block-spacer\" style=\"height: 20px;\" aria-hidden=\"true\">\u00a0<\/h2>\n<h2 aria-hidden=\"true\">\u00a0<\/h2>\n<h2><\/h2>\n<h2 class=\"wp-block-heading\"><span style=\"color: #003366;\"><strong>QUI SUIS-JE ?<\/strong><\/span><\/h2>\n\n<div class=\"wp-block-spacer\" style=\"height: 20px;\" aria-hidden=\"true\">\u00a0<\/div>\n<div class=\"wp-block-media-text alignwide is-stacked-on-mobile\" style=\"grid-template-columns: 28% auto;\">\n<div class=\"wp-block-media-text__content\">\n<p style=\"font-size: 18px;\"><span style=\"color: #003366;\"><strong>Julie Pastor <\/strong><\/span><span style=\"color: #003366;\"><strong>Monitrice dipl\u00f4m\u00e9e d\u2019\u00c9tat DESJEPS et Guide de la mer\u00a0 <\/strong><\/span><span style=\"color: #003366;\"><strong>Formatrice en CREPS <\/strong><\/span><\/p>\n<span style=\"color: #003366;\"><\/span><span style=\"color: #003366;\"><\/span><\/div>\n<\/div>\n\n<blockquote>\n<h4 class=\"wp-block-spacer\" style=\"height: 20px;\" aria-hidden=\"true\">\u00a0<\/h4>\n<h4><\/h4>\n<h4 class=\"has-background has-normal-font-size\" style=\"background-color: #e7edf0;\">\u00a0<span style=\"color: #003366;\">Je cr\u00e9e et d\u00e9veloppe une \u00e9cole de plong\u00e9e\u00a0<strong>100% plong\u00e9e enfant B\u00e9louga Plong\u00e9e<\/strong> situ\u00e9e sur la station touristique familiale du Cap d\u2019Agde dans l\u2019H\u00e9rault il y a 25 ans. Premi\u00e8re \u00e9cole de plong\u00e9e inspir\u00e9e par <strong>les p\u00e9dagogies alternatives <\/strong>, v\u00e9ritable laboratoire \u00e0 ciel ouvert je teste et valide quantit\u00e9s de concepts comme celui de la \u00ab Baby-Plong\u00e9e \u00bb.<\/span><\/h4>\n<h4 class=\"has-background has-normal-font-size\" style=\"background-color: #e7edf0;\"><span style=\"color: #003366;\"><strong>Mon engagement autour des enfants et de la plong\u00e9e ne date pas d\u2019hier<\/strong>\u00a0je me forme \u00e0 partir de 1999 aupr\u00e8s de l\u2019Association pour la R\u00e9flexion de la Plong\u00e9e Enfant (ARPE) et suis plusieurs ann\u00e9es plus tard \u00e9lue en son comit\u00e9 directeur.<br \/><strong>Je deviens en 2011 charg\u00e9e de mission \u00abEnfant-Famille\u00bb pour l\u2019\u00c9cole de Plong\u00e9e Fran\u00e7aise-ANMP o\u00f9 je d\u00e9veloppe une gamme de produits adapt\u00e9s et y m\u00e8ne une activit\u00e9 de conseil aupr\u00e8s des moniteurs professionnels.<\/strong><\/span><\/h4>\n<h4 class=\"has-background has-normal-font-size\" style=\"background-color: #e7edf0;\"><span style=\"color: #003366;\"><br \/><strong>Par ailleurs depuis 2016 j\u2019interviens sur la th\u00e9matique de l\u2019accueil du public enfant en plong\u00e9e dans le cadre des dipl\u00f4mes professionnels BPJEPS et DEJEPS au sein du CREPS PACA site d\u2019Antibes.<\/strong> <\/span><\/h4>\n<h4 class=\"has-background has-normal-font-size\" style=\"background-color: #e7edf0;\"><strong><span style=\"color: #003366;\">Enfin depuis 4 ans je suis devenue enseignante et poursuis mon envie de transmettre.<\/span><\/strong><\/h4>\n<h4><\/h4>\n<\/blockquote>\n\n<div class=\"wp-block-spacer\" style=\"height: 20px;\" aria-hidden=\"true\">\u00a0<\/div>\n\n<div class=\"wp-block-image\">\n<figure class=\"aligncenter is-resized\"><img loading=\"lazy\" decoding=\"async\" class=\"wp-image-643 aligncenter\" src=\"http:\/\/plongeeagde.belougaplongee.fr\/wp-content\/uploads\/2020\/04\/75402123_2618236471603347_4074223663660924928_o-2.jpg\" alt=\"\" width=\"409\" height=\"409\" srcset=\"https:\/\/plongeeagde.belougaplongee.fr\/wp-content\/uploads\/2020\/04\/75402123_2618236471603347_4074223663660924928_o-2.jpg 960w, https:\/\/plongeeagde.belougaplongee.fr\/wp-content\/uploads\/2020\/04\/75402123_2618236471603347_4074223663660924928_o-2-300x300.jpg 300w, https:\/\/plongeeagde.belougaplongee.fr\/wp-content\/uploads\/2020\/04\/75402123_2618236471603347_4074223663660924928_o-2-150x150.jpg 150w, https:\/\/plongeeagde.belougaplongee.fr\/wp-content\/uploads\/2020\/04\/75402123_2618236471603347_4074223663660924928_o-2-768x768.jpg 768w\" sizes=\"(max-width: 409px) 100vw, 409px\" \/><\/figure>\n<\/div>\n\n<div class=\"wp-block-spacer\" style=\"height: 20px; text-align: center;\" aria-hidden=\"true\">\u00a0<\/div>\n<p><span style=\"color: #003366;\"><\/span><\/p>\n<h2 class=\"has-vivid-cyan-blue-color has-text-color wp-block-heading\" style=\"text-align: center;\"><span style=\"color: #003366;\"><strong>Une p\u00e9dagogie ludique, active et positive, adapt\u00e9e \u00e0 chacun enfant<\/strong><\/span><\/h2>\n<p>\u00a0<\/p>\n<h2 class=\"has-text-color\" style=\"color: #061d27;\"><span style=\"color: #003366;\"><strong>EN QUOI CONSISTE MES INTERVENTIONS ?<\/strong><\/span><\/h2>\n\n<blockquote>\n<div class=\"wp-block-spacer\" style=\"height: 20px;\" aria-hidden=\"true\">\u00a0<\/div>\n<strong><span style=\"color: #003366;\"><\/span><\/strong>\n<p class=\"has-text-align-center has-medium-font-size\"><span style=\"color: #003366;\"><em>Je vous propose de partager 25 ann\u00e9es d\u2019expertise sur la plong\u00e9e enfant et de renforcer vos comp\u00e9tences \u00e0 l\u2019accueil de ce public en m\u2019adaptant \u00e0 votre projet.<\/em><\/span><\/p>\n<\/blockquote>\n\n<div class=\"wp-block-spacer\" style=\"height: 20px;\" aria-hidden=\"true\">\u00a0<\/div>\n\n<h2 class=\"has-text-color wp-block-heading\" style=\"color: #053449;\"><span style=\"color: #003366;\"><strong>CONSEIL \/ ACCOMPAGNEMENT DANS VOTRE STRUCTURE<\/strong><\/span><\/h2>\n\n<blockquote>\n<div class=\"wp-block-spacer\" style=\"height: 20px;\" aria-hidden=\"true\">\u00a0<\/div>\n\n<p class=\"has-background has-normal-font-size\" style=\"background-color: #e7edf0;\"><strong>\u00a0<\/strong>Je vous propose mon aide \u00e0 la cr\u00e9ation ou au d\u00e9veloppement d\u2019un projet d\u2019accueil d\u2019enfants et de familles en plong\u00e9e. Analyse du potentiel, des moyens, mise en place des produits et suivi personnalis\u00e9.<\/p>\n\n<div class=\"wp-block-spacer\" style=\"height: 20px;\" aria-hidden=\"true\">\u00a0<\/div>\n<\/blockquote>\n\n<h2 class=\"has-text-color wp-block-heading\" style=\"color: #053049;\"><strong>STAGE DE FORMATION MODULAIRE DE 1 \u00e0 5 JOURS\u00a0<\/strong><\/h2>\n\n<blockquote>\n<div class=\"wp-block-spacer\" style=\"height: 20px;\" aria-hidden=\"true\">\u00a0<\/div>\n<span style=\"color: #003366;\"><\/span>\n<p class=\"has-background has-normal-font-size\" style=\"background-color: #e7edf0;\"><span style=\"color: #003366;\">Je vous propose des ateliers \u00e0 th\u00e8mes autour de l\u2019enseignement et du d\u00e9veloppement de la plong\u00e9e enfant (en individuel ou en groupe, dans un cadre associatif ou commercial). Au programme : la r\u00e9glementation autour de cette pratique, l&rsquo;enfant des offres sp\u00e9cifiques , le mat\u00e9riel enfant et partenariat, 10 outils \u00e0 la hauteur, l&rsquo;approche p\u00e9dagogique&#8230;<\/span><\/p>\n<span style=\"color: #003366;\"><\/span>\n<div class=\"wp-block-spacer\" style=\"height: 20px;\" aria-hidden=\"true\">\u00a0<\/div>\n<\/blockquote>\n<p><span style=\"color: #003366;\"><\/span><\/p>\n<h2 class=\"has-text-color wp-block-heading\" style=\"color: #06374c;\"><span style=\"color: #003366;\"><strong>INTERVENTION EN CENTRE DE FORMATION<\/strong><\/span><\/h2>\n<p><span style=\"color: #003366;\"><\/span><\/p>\n<h2 class=\"wp-block-spacer\" style=\"height: 20px;\" aria-hidden=\"true\">\u00a0<\/h2>\n<h2><span style=\"color: #003366;\"><\/span><\/h2>\n<h4 class=\"has-background has-normal-font-size\" style=\"background-color: #e7edf0;\"><span style=\"color: #003366;\">J&rsquo;interviens \u00e9galement au sein des formations CREPS sur des journ\u00e9es de formation.<\/span><\/h4>\n<h2><span style=\"color: #003366;\"><\/span><\/h2>\n<h2 class=\"wp-block-spacer\" style=\"height: 20px;\" aria-hidden=\"true\">\u00a0<\/h2>\n\n<figure class=\"wp-block-gallery columns-3 is-cropped wp-block-gallery-4 is-layout-flex wp-block-gallery-is-layout-flex\">\n<figure><\/figure>\n<ul class=\"blocks-gallery-grid\">\n<li class=\"blocks-gallery-item\">\n<figure><img loading=\"lazy\" decoding=\"async\" width=\"300\" height=\"241\" class=\"wp-image-2810 aligncenter\" src=\"http:\/\/plongeeagde.belougaplongee.fr\/wp-content\/uploads\/2020\/05\/87552203_2840932326000426_1877566235009351680_o-1-300x241.jpg\" alt=\"\" data-id=\"2810\" data-link=\"https:\/\/plongeeagde.belougaplongee.fr\/accueil-2\/formation-cadre\/87552203_2840932326000426_1877566235009351680_o-1\" srcset=\"https:\/\/plongeeagde.belougaplongee.fr\/wp-content\/uploads\/2020\/05\/87552203_2840932326000426_1877566235009351680_o-1-300x241.jpg 300w, https:\/\/plongeeagde.belougaplongee.fr\/wp-content\/uploads\/2020\/05\/87552203_2840932326000426_1877566235009351680_o-1-768x617.jpg 768w, https:\/\/plongeeagde.belougaplongee.fr\/wp-content\/uploads\/2020\/05\/87552203_2840932326000426_1877566235009351680_o-1.jpg 960w\" sizes=\"(max-width: 300px) 100vw, 300px\" \/><\/figure>\n<\/li>\n<\/ul>\n<\/figure>\n\n<div class=\"wp-block-spacer\" style=\"height: 20px;\" aria-hidden=\"true\">\u00a0<\/div>\n\n<blockquote>\n<h4 class=\"has-vivid-cyan-blue-color has-text-color has-text-align-center wp-block-heading\"><span style=\"color: #003366;\"><strong>Contactez moi par mail ou par t\u00e9l\u00e9phone pour que nous puissions discuter de votre projet de formation.<\/strong><\/span><\/h4>\n<\/blockquote>\n\n<div class=\"wp-block-spacer\" style=\"height: 20px;\" aria-hidden=\"true\">\u00a0<\/div>\n\n<h2 class=\"has-text-color has-text-align-center wp-block-heading\" style=\"color: #012337;\"><span style=\"color: #003366;\"><strong>BELOUGA PLONG\u00c9E CAP D\u2019AGDE<\/strong><\/span><\/h2>\n\n<p>\u00a0<\/p>\n\t\t\t\t\t\t\t\t<\/div>\n\t\t\t\t<\/div>\n\t\t\t\t\t<\/div>\n\t\t<\/div>\n\t\t\t\t\t<\/div>\n\t\t<\/section>\n\t\t\t\t<\/div>\n\t\t","protected":false},"excerpt":{"rendered":"<p>FORMATION DE CADRE : PLONG\u00c9E ENFANT TARIF 2026 : Intervention \u00e0 partir de 350 \u20ac Vous \u00eates moniteur(trice) de plong\u00e9e ? Vous souhaitez augmenter vos connaissances, votre employabilit\u00e9, la rentabilit\u00e9 de votre \u00e9cole de plong\u00e9e en d\u00e9veloppant vos comp\u00e9tences dans l\u2019enseignement de la plong\u00e9e aupr\u00e8s d\u2019enfants ?\u00a0 QUI SUIS-JE ? \u00a0Je cr\u00e9e et d\u00e9veloppe une <a class=\"read-more\" href=\"https:\/\/plongeeagde.belougaplongee.fr\/accueil-2\/formation-cadre\">READ MORE<\/a><\/p>\n","protected":false},"author":1,"featured_media":0,"parent":0,"menu_order":0,"comment_status":"closed","ping_status":"closed","template":"","meta":{"footnotes":""},"class_list":["post-250","page","type-page","status-publish","hentry"],"yoast_head":"<!-- This site is optimized with the Yoast SEO plugin v27.5 - https:\/\/yoast.com\/product\/yoast-seo-wordpress\/ -->\n<title>FORMATION CADRE - B\u00e9louga Plong\u00e9e<\/title>\n<meta name=\"robots\" content=\"index, follow, max-snippet:-1, max-image-preview:large, max-video-preview:-1\" \/>\n<link rel=\"canonical\" href=\"https:\/\/plongeeagde.belougaplongee.fr\/accueil-2\/formation-cadre\" \/>\n<meta property=\"og:locale\" content=\"fr_FR\" \/>\n<meta property=\"og:type\" content=\"article\" \/>\n<meta property=\"og:title\" content=\"FORMATION CADRE - B\u00e9louga Plong\u00e9e\" \/>\n<meta property=\"og:description\" content=\"FORMATION DE CADRE : PLONG\u00c9E ENFANT TARIF 2026 : Intervention \u00e0 partir de 350 \u20ac Vous \u00eates moniteur(trice) de plong\u00e9e ? Vous souhaitez augmenter vos connaissances, votre employabilit\u00e9, la rentabilit\u00e9 de votre \u00e9cole de plong\u00e9e en d\u00e9veloppant vos comp\u00e9tences dans l\u2019enseignement de la plong\u00e9e aupr\u00e8s d\u2019enfants ?\u00a0 QUI SUIS-JE ? \u00a0Je cr\u00e9e et d\u00e9veloppe une READ MORE\" \/>\n<meta property=\"og:url\" content=\"https:\/\/plongeeagde.belougaplongee.fr\/accueil-2\/formation-cadre\" \/>\n<meta property=\"og:site_name\" content=\"B\u00e9louga Plong\u00e9e\" \/>\n<meta property=\"article:modified_time\" content=\"2025-12-30T14:53:52+00:00\" \/>\n<meta property=\"og:image\" content=\"https:\/\/plongeeagde.belougaplongee.fr\/wp-content\/uploads\/2020\/04\/52082262_2133430066750659_9079009080705548288_n.jpg\" \/>\n\t<meta property=\"og:image:width\" content=\"750\" \/>\n\t<meta property=\"og:image:height\" content=\"434\" \/>\n\t<meta property=\"og:image:type\" content=\"image\/jpeg\" \/>\n<meta name=\"twitter:card\" content=\"summary_large_image\" \/>\n<meta name=\"twitter:label1\" content=\"Dur\u00e9e de lecture estim\u00e9e\" \/>\n\t<meta name=\"twitter:data1\" content=\"2 minutes\" \/>\n<script type=\"application\/ld+json\" class=\"yoast-schema-graph\">{\"@context\":\"https:\\\/\\\/schema.org\",\"@graph\":[{\"@type\":\"WebPage\",\"@id\":\"https:\\\/\\\/plongeeagde.belougaplongee.fr\\\/accueil-2\\\/formation-cadre\",\"url\":\"https:\\\/\\\/plongeeagde.belougaplongee.fr\\\/accueil-2\\\/formation-cadre\",\"name\":\"FORMATION CADRE - B\u00e9louga Plong\u00e9e\",\"isPartOf\":{\"@id\":\"https:\\\/\\\/plongeeagde.belougaplongee.fr\\\/accueil-2\\\/#website\"},\"primaryImageOfPage\":{\"@id\":\"https:\\\/\\\/plongeeagde.belougaplongee.fr\\\/accueil-2\\\/formation-cadre#primaryimage\"},\"image\":{\"@id\":\"https:\\\/\\\/plongeeagde.belougaplongee.fr\\\/accueil-2\\\/formation-cadre#primaryimage\"},\"thumbnailUrl\":\"http:\\\/\\\/plongeeagde.belougaplongee.fr\\\/wp-content\\\/uploads\\\/2020\\\/04\\\/52082262_2133430066750659_9079009080705548288_n-300x174.jpg\",\"datePublished\":\"2020-01-03T20:09:03+00:00\",\"dateModified\":\"2025-12-30T14:53:52+00:00\",\"breadcrumb\":{\"@id\":\"https:\\\/\\\/plongeeagde.belougaplongee.fr\\\/accueil-2\\\/formation-cadre#breadcrumb\"},\"inLanguage\":\"fr-FR\",\"potentialAction\":[{\"@type\":\"ReadAction\",\"target\":[\"https:\\\/\\\/plongeeagde.belougaplongee.fr\\\/accueil-2\\\/formation-cadre\"]}]},{\"@type\":\"ImageObject\",\"inLanguage\":\"fr-FR\",\"@id\":\"https:\\\/\\\/plongeeagde.belougaplongee.fr\\\/accueil-2\\\/formation-cadre#primaryimage\",\"url\":\"http:\\\/\\\/plongeeagde.belougaplongee.fr\\\/wp-content\\\/uploads\\\/2020\\\/04\\\/52082262_2133430066750659_9079009080705548288_n-300x174.jpg\",\"contentUrl\":\"http:\\\/\\\/plongeeagde.belougaplongee.fr\\\/wp-content\\\/uploads\\\/2020\\\/04\\\/52082262_2133430066750659_9079009080705548288_n-300x174.jpg\"},{\"@type\":\"BreadcrumbList\",\"@id\":\"https:\\\/\\\/plongeeagde.belougaplongee.fr\\\/accueil-2\\\/formation-cadre#breadcrumb\",\"itemListElement\":[{\"@type\":\"ListItem\",\"position\":1,\"name\":\"Accueil\",\"item\":\"https:\\\/\\\/plongeeagde.belougaplongee.fr\\\/accueil-2\\\/\"},{\"@type\":\"ListItem\",\"position\":2,\"name\":\"FORMATION CADRE\"}]},{\"@type\":\"WebSite\",\"@id\":\"https:\\\/\\\/plongeeagde.belougaplongee.fr\\\/accueil-2\\\/#website\",\"url\":\"https:\\\/\\\/plongeeagde.belougaplongee.fr\\\/accueil-2\\\/\",\"name\":\"B\u00e9louga Plong\u00e9e\",\"description\":\"Plong\u00e9e personnalis\u00e9e au Cap d&#039;Agde\",\"potentialAction\":[{\"@type\":\"SearchAction\",\"target\":{\"@type\":\"EntryPoint\",\"urlTemplate\":\"https:\\\/\\\/plongeeagde.belougaplongee.fr\\\/accueil-2\\\/?s={search_term_string}\"},\"query-input\":{\"@type\":\"PropertyValueSpecification\",\"valueRequired\":true,\"valueName\":\"search_term_string\"}}],\"inLanguage\":\"fr-FR\"}]}<\/script>\n<!-- \/ Yoast SEO plugin. -->","yoast_head_json":{"title":"FORMATION CADRE - B\u00e9louga Plong\u00e9e","robots":{"index":"index","follow":"follow","max-snippet":"max-snippet:-1","max-image-preview":"max-image-preview:large","max-video-preview":"max-video-preview:-1"},"canonical":"https:\/\/plongeeagde.belougaplongee.fr\/accueil-2\/formation-cadre","og_locale":"fr_FR","og_type":"article","og_title":"FORMATION CADRE - B\u00e9louga Plong\u00e9e","og_description":"FORMATION DE CADRE : PLONG\u00c9E ENFANT TARIF 2026 : Intervention \u00e0 partir de 350 \u20ac Vous \u00eates moniteur(trice) de plong\u00e9e ? Vous souhaitez augmenter vos connaissances, votre employabilit\u00e9, la rentabilit\u00e9 de votre \u00e9cole de plong\u00e9e en d\u00e9veloppant vos comp\u00e9tences dans l\u2019enseignement de la plong\u00e9e aupr\u00e8s d\u2019enfants ?\u00a0 QUI SUIS-JE ? \u00a0Je cr\u00e9e et d\u00e9veloppe une READ MORE","og_url":"https:\/\/plongeeagde.belougaplongee.fr\/accueil-2\/formation-cadre","og_site_name":"B\u00e9louga Plong\u00e9e","article_modified_time":"2025-12-30T14:53:52+00:00","og_image":[{"width":750,"height":434,"url":"https:\/\/plongeeagde.belougaplongee.fr\/wp-content\/uploads\/2020\/04\/52082262_2133430066750659_9079009080705548288_n.jpg","type":"image\/jpeg"}],"twitter_card":"summary_large_image","twitter_misc":{"Dur\u00e9e de lecture estim\u00e9e":"2 minutes"},"schema":{"@context":"https:\/\/schema.org","@graph":[{"@type":"WebPage","@id":"https:\/\/plongeeagde.belougaplongee.fr\/accueil-2\/formation-cadre","url":"https:\/\/plongeeagde.belougaplongee.fr\/accueil-2\/formation-cadre","name":"FORMATION CADRE - B\u00e9louga Plong\u00e9e","isPartOf":{"@id":"https:\/\/plongeeagde.belougaplongee.fr\/accueil-2\/#website"},"primaryImageOfPage":{"@id":"https:\/\/plongeeagde.belougaplongee.fr\/accueil-2\/formation-cadre#primaryimage"},"image":{"@id":"https:\/\/plongeeagde.belougaplongee.fr\/accueil-2\/formation-cadre#primaryimage"},"thumbnailUrl":"http:\/\/plongeeagde.belougaplongee.fr\/wp-content\/uploads\/2020\/04\/52082262_2133430066750659_9079009080705548288_n-300x174.jpg","datePublished":"2020-01-03T20:09:03+00:00","dateModified":"2025-12-30T14:53:52+00:00","breadcrumb":{"@id":"https:\/\/plongeeagde.belougaplongee.fr\/accueil-2\/formation-cadre#breadcrumb"},"inLanguage":"fr-FR","potentialAction":[{"@type":"ReadAction","target":["https:\/\/plongeeagde.belougaplongee.fr\/accueil-2\/formation-cadre"]}]},{"@type":"ImageObject","inLanguage":"fr-FR","@id":"https:\/\/plongeeagde.belougaplongee.fr\/accueil-2\/formation-cadre#primaryimage","url":"http:\/\/plongeeagde.belougaplongee.fr\/wp-content\/uploads\/2020\/04\/52082262_2133430066750659_9079009080705548288_n-300x174.jpg","contentUrl":"http:\/\/plongeeagde.belougaplongee.fr\/wp-content\/uploads\/2020\/04\/52082262_2133430066750659_9079009080705548288_n-300x174.jpg"},{"@type":"BreadcrumbList","@id":"https:\/\/plongeeagde.belougaplongee.fr\/accueil-2\/formation-cadre#breadcrumb","itemListElement":[{"@type":"ListItem","position":1,"name":"Accueil","item":"https:\/\/plongeeagde.belougaplongee.fr\/accueil-2\/"},{"@type":"ListItem","position":2,"name":"FORMATION CADRE"}]},{"@type":"WebSite","@id":"https:\/\/plongeeagde.belougaplongee.fr\/accueil-2\/#website","url":"https:\/\/plongeeagde.belougaplongee.fr\/accueil-2\/","name":"B\u00e9louga Plong\u00e9e","description":"Plong\u00e9e personnalis\u00e9e au Cap d&#039;Agde","potentialAction":[{"@type":"SearchAction","target":{"@type":"EntryPoint","urlTemplate":"https:\/\/plongeeagde.belougaplongee.fr\/accueil-2\/?s={search_term_string}"},"query-input":{"@type":"PropertyValueSpecification","valueRequired":true,"valueName":"search_term_string"}}],"inLanguage":"fr-FR"}]}},"_links":{"self":[{"href":"https:\/\/plongeeagde.belougaplongee.fr\/accueil-2\/wp-json\/wp\/v2\/pages\/250","targetHints":{"allow":["GET"]}}],"collection":[{"href":"https:\/\/plongeeagde.belougaplongee.fr\/accueil-2\/wp-json\/wp\/v2\/pages"}],"about":[{"href":"https:\/\/plongeeagde.belougaplongee.fr\/accueil-2\/wp-json\/wp\/v2\/types\/page"}],"author":[{"embeddable":true,"href":"https:\/\/plongeeagde.belougaplongee.fr\/accueil-2\/wp-json\/wp\/v2\/users\/1"}],"replies":[{"embeddable":true,"href":"https:\/\/plongeeagde.belougaplongee.fr\/accueil-2\/wp-json\/wp\/v2\/comments?post=250"}],"version-history":[{"count":19,"href":"https:\/\/plongeeagde.belougaplongee.fr\/accueil-2\/wp-json\/wp\/v2\/pages\/250\/revisions"}],"predecessor-version":[{"id":4430,"href":"https:\/\/plongeeagde.belougaplongee.fr\/accueil-2\/wp-json\/wp\/v2\/pages\/250\/revisions\/4430"}],"wp:attachment":[{"href":"https:\/\/plongeeagde.belougaplongee.fr\/accueil-2\/wp-json\/wp\/v2\/media?parent=250"}],"curies":[{"name":"wp","href":"https:\/\/api.w.org\/{rel}","templated":true}]}}