{"id":229,"date":"2020-01-03T19:23:34","date_gmt":"2020-01-03T19:23:34","guid":{"rendered":"http:\/\/plongeeagde.belougaplongee.fr\/accueil-2\/?page_id=229"},"modified":"2025-12-30T18:08:35","modified_gmt":"2025-12-30T18:08:35","slug":"lequipe","status":"publish","type":"page","link":"https:\/\/plongeeagde.belougaplongee.fr\/accueil-2\/lecole-de-plongee\/lequipe","title":{"rendered":"L&rsquo;Equipe"},"content":{"rendered":"\t\t<div data-elementor-type=\"wp-page\" data-elementor-id=\"229\" class=\"elementor elementor-229\">\n\t\t\t\t\t\t<section class=\"elementor-section elementor-top-section elementor-element elementor-element-523ea6dd elementor-section-boxed elementor-section-height-default elementor-section-height-default\" data-id=\"523ea6dd\" data-element_type=\"section\" data-e-type=\"section\">\n\t\t\t\t\t\t<div class=\"elementor-container elementor-column-gap-default\">\n\t\t\t\t\t<div class=\"elementor-column elementor-col-100 elementor-top-column elementor-element elementor-element-2f59bb46\" data-id=\"2f59bb46\" data-element_type=\"column\" data-e-type=\"column\">\n\t\t\t<div class=\"elementor-widget-wrap elementor-element-populated\">\n\t\t\t\t\t\t<div class=\"elementor-element elementor-element-3e988cc1 elementor-widget elementor-widget-text-editor\" data-id=\"3e988cc1\" data-element_type=\"widget\" data-e-type=\"widget\" data-widget_type=\"text-editor.default\">\n\t\t\t\t<div class=\"elementor-widget-container\">\n\t\t\t\t\t\t\t\t\t<p><\/p>\n<h2 class=\"wp-block-heading\" style=\"color: #05283c;\"><span style=\"color: #003366;\"><strong>JULIE, MONITRICE PASSIONN<strong>\u00c9<\/strong>E SPECIALISTE EN PLONG<\/strong><strong>\u00c9<\/strong><strong>E ENFANT !<\/strong><\/span><\/h2>\n<p>\u00a0<\/p>\n<figure>\n<figure><\/figure>\n<\/figure>\n<p><!-- \/wp:group --><!-- wp:image {\"id\":2286,\"width\":\"310px\",\"height\":\"112px\",\"sizeSlug\":\"large\",\"align\":\"center\"} --><\/p>\n<figure><img decoding=\"async\" class=\"aligncenter\" style=\"width: 310px; height: 112px;\" src=\"http:\/\/plongeeagde.belougaplongee.fr\/wp-content\/uploads\/2020\/05\/GdlM.jpg\" alt=\"\" \/><\/figure>\n<p>\u00a0<\/p>\n<p><!-- \/wp:image --><!-- wp:spacer {\"height\":\"20px\"} --><!-- \/wp:spacer --><!-- wp:paragraph {\"fontSize\":\"normal\"} --><\/p>\n<blockquote>\n<h4><span style=\"color: #003366;\"><em>\u00ab D\u00e8s mon enfance j\u2019ai aim\u00e9 la plong\u00e9e en M\u00e9diterran\u00e9e, dans les conditions vari\u00e9es qu\u2019elle offre, des plus simples aux plus engag\u00e9es. Je suis devenue monitrice de plong\u00e9e d\u2019Etat \u00e0 tout juste 20 ans. D\u00e8s l\u2019obtention de mon dipl\u00f4me j&rsquo;ai travaill\u00e9, en tant que monitrice de plong\u00e9e en France et aux Antilles d\u2019abord, puis cr\u00e9e en 2001 B\u00e9louga Plong\u00e9e. <\/em><\/span><\/h4>\n<h4><span style=\"color: #003366;\"><em>Passionn\u00e9e par l&rsquo;enseignement et par les enfants je d\u00e9cide de me sp\u00e9cialiser dans l&rsquo;accueil en plong\u00e9e des jeunes enfants, enfants, ados. <\/em><\/span><\/h4>\n<h4><span style=\"color: #003366;\"><em><i>Par ailleurs j&rsquo;<em>interviens \u00e9galement en tant que formatrice, coach et jury expert au sein des formations professionnelles d&rsquo;Etat DEJEPS au sein des CREPS d&rsquo;Antibes<\/em><\/i>.<\/em><\/span><\/h4>\n<\/blockquote>\n<p><!-- \/wp:heading --><!-- wp:paragraph --><!-- \/wp:paragraph --><\/p>\n<p>\u00a0<\/p>\t\t\t\t\t\t\t\t<\/div>\n\t\t\t\t<\/div>\n\t\t\t\t<div class=\"elementor-element elementor-element-280a700 elementor-widget elementor-widget-image\" data-id=\"280a700\" data-element_type=\"widget\" data-e-type=\"widget\" data-widget_type=\"image.default\">\n\t\t\t\t<div class=\"elementor-widget-container\">\n\t\t\t\t\t\t\t\t\t\t\t\t\t\t\t<img fetchpriority=\"high\" decoding=\"async\" width=\"837\" height=\"568\" src=\"https:\/\/plongeeagde.belougaplongee.fr\/wp-content\/uploads\/2020\/06\/34343730_1777176169042719_1349960379215642624_o.jpg\" class=\"attachment-large size-large wp-image-3638\" alt=\"\" srcset=\"https:\/\/plongeeagde.belougaplongee.fr\/wp-content\/uploads\/2020\/06\/34343730_1777176169042719_1349960379215642624_o.jpg 944w, https:\/\/plongeeagde.belougaplongee.fr\/wp-content\/uploads\/2020\/06\/34343730_1777176169042719_1349960379215642624_o-300x204.jpg 300w, https:\/\/plongeeagde.belougaplongee.fr\/wp-content\/uploads\/2020\/06\/34343730_1777176169042719_1349960379215642624_o-768x521.jpg 768w\" sizes=\"(max-width: 837px) 100vw, 837px\" \/>\t\t\t\t\t\t\t\t\t\t\t\t\t\t\t<\/div>\n\t\t\t\t<\/div>\n\t\t\t\t\t<\/div>\n\t\t<\/div>\n\t\t\t\t\t<\/div>\n\t\t<\/section>\n\t\t\t\t<\/div>\n\t\t","protected":false},"excerpt":{"rendered":"<p>JULIE, MONITRICE PASSIONN\u00c9E SPECIALISTE EN PLONG\u00c9E ENFANT ! \u00a0 \u00a0 \u00ab D\u00e8s mon enfance j\u2019ai aim\u00e9 la plong\u00e9e en M\u00e9diterran\u00e9e, dans les conditions vari\u00e9es qu\u2019elle offre, des plus simples aux plus engag\u00e9es. Je suis devenue monitrice de plong\u00e9e d\u2019Etat \u00e0 tout juste 20 ans. D\u00e8s l\u2019obtention de mon dipl\u00f4me j&rsquo;ai travaill\u00e9, en tant que monitrice <a class=\"read-more\" href=\"https:\/\/plongeeagde.belougaplongee.fr\/accueil-2\/lecole-de-plongee\/lequipe\">READ MORE<\/a><\/p>\n","protected":false},"author":1,"featured_media":0,"parent":228,"menu_order":0,"comment_status":"closed","ping_status":"closed","template":"","meta":{"footnotes":""},"class_list":["post-229","page","type-page","status-publish","hentry"],"yoast_head":"<!-- This site is optimized with the Yoast SEO plugin v27.5 - https:\/\/yoast.com\/product\/yoast-seo-wordpress\/ -->\n<title>L&#039;Equipe - B\u00e9louga Plong\u00e9e<\/title>\n<meta name=\"robots\" content=\"index, follow, max-snippet:-1, max-image-preview:large, max-video-preview:-1\" \/>\n<link rel=\"canonical\" href=\"https:\/\/plongeeagde.belougaplongee.fr\/accueil-2\/lecole-de-plongee\/lequipe\" \/>\n<meta property=\"og:locale\" content=\"fr_FR\" \/>\n<meta property=\"og:type\" content=\"article\" \/>\n<meta property=\"og:title\" content=\"L&#039;Equipe - B\u00e9louga Plong\u00e9e\" \/>\n<meta property=\"og:description\" content=\"JULIE, MONITRICE PASSIONN\u00c9E SPECIALISTE EN PLONG\u00c9E ENFANT ! \u00a0 \u00a0 \u00ab D\u00e8s mon enfance j\u2019ai aim\u00e9 la plong\u00e9e en M\u00e9diterran\u00e9e, dans les conditions vari\u00e9es qu\u2019elle offre, des plus simples aux plus engag\u00e9es. Je suis devenue monitrice de plong\u00e9e d\u2019Etat \u00e0 tout juste 20 ans. D\u00e8s l\u2019obtention de mon dipl\u00f4me j&rsquo;ai travaill\u00e9, en tant que monitrice READ MORE\" \/>\n<meta property=\"og:url\" content=\"https:\/\/plongeeagde.belougaplongee.fr\/accueil-2\/lecole-de-plongee\/lequipe\" \/>\n<meta property=\"og:site_name\" content=\"B\u00e9louga Plong\u00e9e\" \/>\n<meta property=\"article:modified_time\" content=\"2025-12-30T18:08:35+00:00\" \/>\n<meta property=\"og:image\" content=\"http:\/\/plongeeagde.belougaplongee.fr\/wp-content\/uploads\/2020\/05\/GdlM.jpg\" \/>\n<meta name=\"twitter:card\" content=\"summary_large_image\" \/>\n<meta name=\"twitter:label1\" content=\"Dur\u00e9e de lecture estim\u00e9e\" \/>\n\t<meta name=\"twitter:data1\" content=\"1 minute\" \/>\n<script type=\"application\/ld+json\" class=\"yoast-schema-graph\">{\"@context\":\"https:\\\/\\\/schema.org\",\"@graph\":[{\"@type\":\"WebPage\",\"@id\":\"https:\\\/\\\/plongeeagde.belougaplongee.fr\\\/accueil-2\\\/lecole-de-plongee\\\/lequipe\",\"url\":\"https:\\\/\\\/plongeeagde.belougaplongee.fr\\\/accueil-2\\\/lecole-de-plongee\\\/lequipe\",\"name\":\"L'Equipe - B\u00e9louga Plong\u00e9e\",\"isPartOf\":{\"@id\":\"https:\\\/\\\/plongeeagde.belougaplongee.fr\\\/accueil-2\\\/#website\"},\"primaryImageOfPage\":{\"@id\":\"https:\\\/\\\/plongeeagde.belougaplongee.fr\\\/accueil-2\\\/lecole-de-plongee\\\/lequipe#primaryimage\"},\"image\":{\"@id\":\"https:\\\/\\\/plongeeagde.belougaplongee.fr\\\/accueil-2\\\/lecole-de-plongee\\\/lequipe#primaryimage\"},\"thumbnailUrl\":\"http:\\\/\\\/plongeeagde.belougaplongee.fr\\\/wp-content\\\/uploads\\\/2020\\\/05\\\/GdlM.jpg\",\"datePublished\":\"2020-01-03T19:23:34+00:00\",\"dateModified\":\"2025-12-30T18:08:35+00:00\",\"breadcrumb\":{\"@id\":\"https:\\\/\\\/plongeeagde.belougaplongee.fr\\\/accueil-2\\\/lecole-de-plongee\\\/lequipe#breadcrumb\"},\"inLanguage\":\"fr-FR\",\"potentialAction\":[{\"@type\":\"ReadAction\",\"target\":[\"https:\\\/\\\/plongeeagde.belougaplongee.fr\\\/accueil-2\\\/lecole-de-plongee\\\/lequipe\"]}]},{\"@type\":\"ImageObject\",\"inLanguage\":\"fr-FR\",\"@id\":\"https:\\\/\\\/plongeeagde.belougaplongee.fr\\\/accueil-2\\\/lecole-de-plongee\\\/lequipe#primaryimage\",\"url\":\"http:\\\/\\\/plongeeagde.belougaplongee.fr\\\/wp-content\\\/uploads\\\/2020\\\/05\\\/GdlM.jpg\",\"contentUrl\":\"http:\\\/\\\/plongeeagde.belougaplongee.fr\\\/wp-content\\\/uploads\\\/2020\\\/05\\\/GdlM.jpg\"},{\"@type\":\"BreadcrumbList\",\"@id\":\"https:\\\/\\\/plongeeagde.belougaplongee.fr\\\/accueil-2\\\/lecole-de-plongee\\\/lequipe#breadcrumb\",\"itemListElement\":[{\"@type\":\"ListItem\",\"position\":1,\"name\":\"Accueil\",\"item\":\"https:\\\/\\\/plongeeagde.belougaplongee.fr\\\/accueil-2\\\/\"},{\"@type\":\"ListItem\",\"position\":2,\"name\":\"L&rsquo;\u00c9COLE DE PLONG\u00c9E\",\"item\":\"https:\\\/\\\/plongeeagde.belougaplongee.fr\\\/accueil-2\\\/lecole-de-plongee\"},{\"@type\":\"ListItem\",\"position\":3,\"name\":\"L&rsquo;Equipe\"}]},{\"@type\":\"WebSite\",\"@id\":\"https:\\\/\\\/plongeeagde.belougaplongee.fr\\\/accueil-2\\\/#website\",\"url\":\"https:\\\/\\\/plongeeagde.belougaplongee.fr\\\/accueil-2\\\/\",\"name\":\"B\u00e9louga Plong\u00e9e\",\"description\":\"Plong\u00e9e personnalis\u00e9e au Cap d&#039;Agde\",\"potentialAction\":[{\"@type\":\"SearchAction\",\"target\":{\"@type\":\"EntryPoint\",\"urlTemplate\":\"https:\\\/\\\/plongeeagde.belougaplongee.fr\\\/accueil-2\\\/?s={search_term_string}\"},\"query-input\":{\"@type\":\"PropertyValueSpecification\",\"valueRequired\":true,\"valueName\":\"search_term_string\"}}],\"inLanguage\":\"fr-FR\"}]}<\/script>\n<!-- \/ Yoast SEO plugin. -->","yoast_head_json":{"title":"L'Equipe - B\u00e9louga Plong\u00e9e","robots":{"index":"index","follow":"follow","max-snippet":"max-snippet:-1","max-image-preview":"max-image-preview:large","max-video-preview":"max-video-preview:-1"},"canonical":"https:\/\/plongeeagde.belougaplongee.fr\/accueil-2\/lecole-de-plongee\/lequipe","og_locale":"fr_FR","og_type":"article","og_title":"L'Equipe - B\u00e9louga Plong\u00e9e","og_description":"JULIE, MONITRICE PASSIONN\u00c9E SPECIALISTE EN PLONG\u00c9E ENFANT ! \u00a0 \u00a0 \u00ab D\u00e8s mon enfance j\u2019ai aim\u00e9 la plong\u00e9e en M\u00e9diterran\u00e9e, dans les conditions vari\u00e9es qu\u2019elle offre, des plus simples aux plus engag\u00e9es. Je suis devenue monitrice de plong\u00e9e d\u2019Etat \u00e0 tout juste 20 ans. D\u00e8s l\u2019obtention de mon dipl\u00f4me j&rsquo;ai travaill\u00e9, en tant que monitrice READ MORE","og_url":"https:\/\/plongeeagde.belougaplongee.fr\/accueil-2\/lecole-de-plongee\/lequipe","og_site_name":"B\u00e9louga Plong\u00e9e","article_modified_time":"2025-12-30T18:08:35+00:00","og_image":[{"url":"http:\/\/plongeeagde.belougaplongee.fr\/wp-content\/uploads\/2020\/05\/GdlM.jpg","type":"","width":"","height":""}],"twitter_card":"summary_large_image","twitter_misc":{"Dur\u00e9e de lecture estim\u00e9e":"1 minute"},"schema":{"@context":"https:\/\/schema.org","@graph":[{"@type":"WebPage","@id":"https:\/\/plongeeagde.belougaplongee.fr\/accueil-2\/lecole-de-plongee\/lequipe","url":"https:\/\/plongeeagde.belougaplongee.fr\/accueil-2\/lecole-de-plongee\/lequipe","name":"L'Equipe - B\u00e9louga Plong\u00e9e","isPartOf":{"@id":"https:\/\/plongeeagde.belougaplongee.fr\/accueil-2\/#website"},"primaryImageOfPage":{"@id":"https:\/\/plongeeagde.belougaplongee.fr\/accueil-2\/lecole-de-plongee\/lequipe#primaryimage"},"image":{"@id":"https:\/\/plongeeagde.belougaplongee.fr\/accueil-2\/lecole-de-plongee\/lequipe#primaryimage"},"thumbnailUrl":"http:\/\/plongeeagde.belougaplongee.fr\/wp-content\/uploads\/2020\/05\/GdlM.jpg","datePublished":"2020-01-03T19:23:34+00:00","dateModified":"2025-12-30T18:08:35+00:00","breadcrumb":{"@id":"https:\/\/plongeeagde.belougaplongee.fr\/accueil-2\/lecole-de-plongee\/lequipe#breadcrumb"},"inLanguage":"fr-FR","potentialAction":[{"@type":"ReadAction","target":["https:\/\/plongeeagde.belougaplongee.fr\/accueil-2\/lecole-de-plongee\/lequipe"]}]},{"@type":"ImageObject","inLanguage":"fr-FR","@id":"https:\/\/plongeeagde.belougaplongee.fr\/accueil-2\/lecole-de-plongee\/lequipe#primaryimage","url":"http:\/\/plongeeagde.belougaplongee.fr\/wp-content\/uploads\/2020\/05\/GdlM.jpg","contentUrl":"http:\/\/plongeeagde.belougaplongee.fr\/wp-content\/uploads\/2020\/05\/GdlM.jpg"},{"@type":"BreadcrumbList","@id":"https:\/\/plongeeagde.belougaplongee.fr\/accueil-2\/lecole-de-plongee\/lequipe#breadcrumb","itemListElement":[{"@type":"ListItem","position":1,"name":"Accueil","item":"https:\/\/plongeeagde.belougaplongee.fr\/accueil-2\/"},{"@type":"ListItem","position":2,"name":"L&rsquo;\u00c9COLE DE PLONG\u00c9E","item":"https:\/\/plongeeagde.belougaplongee.fr\/accueil-2\/lecole-de-plongee"},{"@type":"ListItem","position":3,"name":"L&rsquo;Equipe"}]},{"@type":"WebSite","@id":"https:\/\/plongeeagde.belougaplongee.fr\/accueil-2\/#website","url":"https:\/\/plongeeagde.belougaplongee.fr\/accueil-2\/","name":"B\u00e9louga Plong\u00e9e","description":"Plong\u00e9e personnalis\u00e9e au Cap d&#039;Agde","potentialAction":[{"@type":"SearchAction","target":{"@type":"EntryPoint","urlTemplate":"https:\/\/plongeeagde.belougaplongee.fr\/accueil-2\/?s={search_term_string}"},"query-input":{"@type":"PropertyValueSpecification","valueRequired":true,"valueName":"search_term_string"}}],"inLanguage":"fr-FR"}]}},"_links":{"self":[{"href":"https:\/\/plongeeagde.belougaplongee.fr\/accueil-2\/wp-json\/wp\/v2\/pages\/229","targetHints":{"allow":["GET"]}}],"collection":[{"href":"https:\/\/plongeeagde.belougaplongee.fr\/accueil-2\/wp-json\/wp\/v2\/pages"}],"about":[{"href":"https:\/\/plongeeagde.belougaplongee.fr\/accueil-2\/wp-json\/wp\/v2\/types\/page"}],"author":[{"embeddable":true,"href":"https:\/\/plongeeagde.belougaplongee.fr\/accueil-2\/wp-json\/wp\/v2\/users\/1"}],"replies":[{"embeddable":true,"href":"https:\/\/plongeeagde.belougaplongee.fr\/accueil-2\/wp-json\/wp\/v2\/comments?post=229"}],"version-history":[{"count":91,"href":"https:\/\/plongeeagde.belougaplongee.fr\/accueil-2\/wp-json\/wp\/v2\/pages\/229\/revisions"}],"predecessor-version":[{"id":4546,"href":"https:\/\/plongeeagde.belougaplongee.fr\/accueil-2\/wp-json\/wp\/v2\/pages\/229\/revisions\/4546"}],"up":[{"embeddable":true,"href":"https:\/\/plongeeagde.belougaplongee.fr\/accueil-2\/wp-json\/wp\/v2\/pages\/228"}],"wp:attachment":[{"href":"https:\/\/plongeeagde.belougaplongee.fr\/accueil-2\/wp-json\/wp\/v2\/media?parent=229"}],"curies":[{"name":"wp","href":"https:\/\/api.w.org\/{rel}","templated":true}]}}