{"id":2,"date":"2020-01-02T17:28:04","date_gmt":"2020-01-02T17:28:04","guid":{"rendered":"http:\/\/plongeeagde.belougaplongee.fr\/?page_id=2"},"modified":"2025-12-31T11:39:46","modified_gmt":"2025-12-31T11:39:46","slug":"sample-page","status":"publish","type":"page","link":"https:\/\/plongeeagde.belougaplongee.fr\/accueil-2\/","title":{"rendered":"Votre \u00e9cole de plong\u00e9e au Cap d&rsquo;Agde"},"content":{"rendered":"\t\t<div data-elementor-type=\"wp-page\" data-elementor-id=\"2\" class=\"elementor elementor-2\">\n\t\t\t\t\t\t<section class=\"elementor-section elementor-top-section elementor-element elementor-element-14c42723 elementor-section-boxed elementor-section-height-default elementor-section-height-default\" data-id=\"14c42723\" data-element_type=\"section\" data-e-type=\"section\">\n\t\t\t\t\t\t<div class=\"elementor-container elementor-column-gap-default\">\n\t\t\t\t\t<div class=\"elementor-column elementor-col-100 elementor-top-column elementor-element elementor-element-e89bb24\" data-id=\"e89bb24\" data-element_type=\"column\" data-e-type=\"column\">\n\t\t\t<div class=\"elementor-widget-wrap elementor-element-populated\">\n\t\t\t\t\t\t<div class=\"elementor-element elementor-element-4d97bd98 elementor-widget elementor-widget-text-editor\" data-id=\"4d97bd98\" data-element_type=\"widget\" data-e-type=\"widget\" data-widget_type=\"text-editor.default\">\n\t\t\t\t<div class=\"elementor-widget-container\">\n\t\t\t\t\t\t\t\t\t<h1 class=\"wp-block-spacer\" style=\"height: 27px; text-align: left;\" aria-hidden=\"true\"><span style=\"color: #003366;\"><strong>B\u00c9LOUGA PLONG\u00c9E, 100% PLONGEE ENFANT<\/strong><\/span><\/h1>\n<p>\u00a0<\/p>\n<p><!-- \/wp:spacer --><!-- wp:heading {\"level\":1,\"style\":{\"color\":{\"text\":\"#05283c\"}}} --><\/p>\n<p><!-- \/wp:heading --><!-- wp:spacer {\"height\":22} --><\/p>\n<div class=\"wp-block-spacer\" style=\"height: 22px; text-align: center;\" aria-hidden=\"true\">\u00a0<\/div>\n<figure class=\"wp-block-gallery columns-3 is-cropped\">\n<h4>\u00a0<\/h4>\n<h4>\u00a0<\/h4>\n<h4><span style=\"color: #003366;\"><strong>B\u00e9louga Plong\u00e9e\u00a0vous accueille dans\u00a0la jolie station familiale du Cap d\u2019Agde\u00a0en Occitanie,\u00a0dernier maillon terrestre de la cha\u00eene des volcans d\u2019Auvergne.\u00a0<\/strong><\/span><\/h4>\n<h4><span style=\"color: #003366;\"><strong>Cette situation id\u00e9ale et ses petits fonds rocheux\u00a0\u00a0M\u00e9diterran\u00e9ens\u00a0nous permettent de\u00a0faire d\u00e9couvrir, former et perfectionner les enfants et ados en plong\u00e9e sur\u00a0l\u2019Aire Marine Prot\u00e9g\u00e9e de la c\u00f4te Agathoise.<\/strong><\/span><\/h4>\n<p>\u00a0<\/p>\n<\/figure>\n<p><img decoding=\"async\" class=\"aligncenter\" src=\"https:\/\/plongeeagde.belougaplongee.fr\/wp-content\/uploads\/2020\/04\/18157516_1356425224451151_9098487640773787363_n-1.png\" \/><\/p>\n<p>\u00a0<\/p>\n<blockquote>\n<h4 style=\"text-align: left;\"><strong><span style=\"color: #0000ff;\">Pour la saison 2026 et apr\u00e8s plus de 25 ans \u00e0 vos c\u00f4t\u00e9s,\u00a0 le format de notre \u00e9cole de plong\u00e9e change, mais l&rsquo;esprit de B\u00e9louga Plong\u00e9e reste le m\u00eame ! <\/span><\/strong><\/h4>\n<h4 style=\"text-align: left;\"><strong><span style=\"color: #0000ff;\">Au programme, des formules exclusivement 100 % PLONGEE ENFANT adapt\u00e9es \u00e0 leurs niveaux et souhaits en tout petit comit\u00e9 pour d\u00e9couvrir, se former ou profiter des joies de la plong\u00e9e sous-marine.<\/span><\/strong><\/h4>\n<h4 style=\"text-align: left;\"><strong><span style=\"color: #0000ff;\">En mer depuis le bateau de notre partenaire au Cap D&rsquo;Agde, en plong\u00e9e du bord ou dans votre piscine !<\/span><\/strong><\/h4>\n<h4 style=\"text-align: left;\"><strong><span style=\"color: #0000ff;\">Alors \u00e0 tr\u00e8s vite pour cette saison estivale 2026\u00a0 et pour vivre ensemble d&rsquo;autres aventures sous-marines ! <\/span><\/strong><\/h4>\n<h4 style=\"text-align: left;\"><strong><span style=\"color: #0000ff;\">Julie<\/span><\/strong><\/h4>\n<p>\u00a0<\/p>\n<\/blockquote>\n<p><!-- \/wp:heading --><!-- wp:buttons {\"contentJustification\":\"center\"} --><\/p>\n<div class=\"wp-block-buttons is-content-justification-center\">\n<p><!-- wp:button {\"style\":{\"color\":{\"text\":\"#05283c\"}},\"backgroundColor\":\"vivid-cyan-blue\",\"className\":\"is-style-outline\"} --><\/p>\n<div class=\"wp-block-button is-style-outline\"><span style=\"color: #0000ff;\"><a class=\"wp-block-button__link has-vivid-cyan-blue-background-color has-text-color has-background\" style=\"color: #0000ff;\" href=\"https:\/\/marketplace.awoo.fr\/595\"><strong>BOUTIQUE EN LIGNE<\/strong><\/a><\/span><\/div>\n<div>\u00a0<\/div>\n<\/div>\n<p><!-- \/wp:spacer --><!-- wp:heading {\"textAlign\":\"center\",\"level\":1,\"style\":{\"color\":{\"text\":\"#05283c\"}}} --><\/p>\n<h1><span style=\"color: #003366;\"><strong>B\u00c9LOUGA PLONG\u00c9E CAP D\u2019AGDE<\/strong><\/span><\/h1>\n<p>\u00a0<\/p>\n<p><!-- \/wp:heading --><\/p>\t\t\t\t\t\t\t\t<\/div>\n\t\t\t\t<\/div>\n\t\t\t\t<div class=\"elementor-element elementor-element-a107165 elementor-widget-divider--view-line elementor-widget elementor-widget-divider\" data-id=\"a107165\" data-element_type=\"widget\" data-e-type=\"widget\" data-widget_type=\"divider.default\">\n\t\t\t\t<div class=\"elementor-widget-container\">\n\t\t\t\t\t\t\t<div class=\"elementor-divider\">\n\t\t\t<span class=\"elementor-divider-separator\">\n\t\t\t\t\t\t<\/span>\n\t\t<\/div>\n\t\t\t\t\t\t<\/div>\n\t\t\t\t<\/div>\n\t\t\t\t\t<\/div>\n\t\t<\/div>\n\t\t\t\t\t<\/div>\n\t\t<\/section>\n\t\t\t\t<section class=\"elementor-section elementor-top-section elementor-element elementor-element-484be48 elementor-section-boxed elementor-section-height-default elementor-section-height-default\" data-id=\"484be48\" data-element_type=\"section\" data-e-type=\"section\">\n\t\t\t\t\t\t<div class=\"elementor-container elementor-column-gap-default\">\n\t\t\t\t\t<div class=\"elementor-column elementor-col-100 elementor-top-column elementor-element elementor-element-645e156\" data-id=\"645e156\" data-element_type=\"column\" data-e-type=\"column\">\n\t\t\t<div class=\"elementor-widget-wrap elementor-element-populated\">\n\t\t\t\t\t\t\t<\/div>\n\t\t<\/div>\n\t\t\t\t\t<\/div>\n\t\t<\/section>\n\t\t\t\t<\/div>\n\t\t","protected":false},"excerpt":{"rendered":"<p>B\u00c9LOUGA PLONG\u00c9E, 100% PLONGEE ENFANT \u00a0 \u00a0 \u00a0 \u00a0 B\u00e9louga Plong\u00e9e\u00a0vous accueille dans\u00a0la jolie station familiale du Cap d\u2019Agde\u00a0en Occitanie,\u00a0dernier maillon terrestre de la cha\u00eene des volcans d\u2019Auvergne.\u00a0 Cette situation id\u00e9ale et ses petits fonds rocheux\u00a0\u00a0M\u00e9diterran\u00e9ens\u00a0nous permettent de\u00a0faire d\u00e9couvrir, former et perfectionner les enfants et ados en plong\u00e9e sur\u00a0l\u2019Aire Marine Prot\u00e9g\u00e9e de la c\u00f4te Agathoise. <a class=\"read-more\" href=\"https:\/\/plongeeagde.belougaplongee.fr\/accueil-2\/\">READ MORE<\/a><\/p>\n","protected":false},"author":1,"featured_media":0,"parent":0,"menu_order":0,"comment_status":"closed","ping_status":"open","template":"","meta":{"footnotes":""},"class_list":["post-2","page","type-page","status-publish","hentry"],"yoast_head":"<!-- This site is optimized with the Yoast SEO plugin v27.3 - https:\/\/yoast.com\/product\/yoast-seo-wordpress\/ -->\n<title>Votre \u00e9cole de plong\u00e9e au Cap d&#039;Agde - B\u00e9louga Plong\u00e9e<\/title>\n<meta name=\"robots\" content=\"index, follow, max-snippet:-1, max-image-preview:large, max-video-preview:-1\" \/>\n<link rel=\"canonical\" href=\"https:\/\/plongeeagde.belougaplongee.fr\/accueil-2\/\" \/>\n<meta property=\"og:locale\" content=\"fr_FR\" \/>\n<meta property=\"og:type\" content=\"article\" \/>\n<meta property=\"og:title\" content=\"Votre \u00e9cole de plong\u00e9e au Cap d&#039;Agde - B\u00e9louga Plong\u00e9e\" \/>\n<meta property=\"og:description\" content=\"B\u00c9LOUGA PLONG\u00c9E, 100% PLONGEE ENFANT \u00a0 \u00a0 \u00a0 \u00a0 B\u00e9louga Plong\u00e9e\u00a0vous accueille dans\u00a0la jolie station familiale du Cap d\u2019Agde\u00a0en Occitanie,\u00a0dernier maillon terrestre de la cha\u00eene des volcans d\u2019Auvergne.\u00a0 Cette situation id\u00e9ale et ses petits fonds rocheux\u00a0\u00a0M\u00e9diterran\u00e9ens\u00a0nous permettent de\u00a0faire d\u00e9couvrir, former et perfectionner les enfants et ados en plong\u00e9e sur\u00a0l\u2019Aire Marine Prot\u00e9g\u00e9e de la c\u00f4te Agathoise. READ MORE\" \/>\n<meta property=\"og:url\" content=\"https:\/\/plongeeagde.belougaplongee.fr\/accueil-2\/\" \/>\n<meta property=\"og:site_name\" content=\"B\u00e9louga Plong\u00e9e\" \/>\n<meta property=\"article:modified_time\" content=\"2025-12-31T11:39:46+00:00\" \/>\n<meta property=\"og:image\" content=\"https:\/\/plongeeagde.belougaplongee.fr\/wp-content\/uploads\/2020\/04\/18157516_1356425224451151_9098487640773787363_n-1.png\" \/>\n<meta name=\"twitter:card\" content=\"summary_large_image\" \/>\n<meta name=\"twitter:label1\" content=\"Dur\u00e9e de lecture estim\u00e9e\" \/>\n\t<meta name=\"twitter:data1\" content=\"1 minute\" \/>\n<script type=\"application\/ld+json\" class=\"yoast-schema-graph\">{\"@context\":\"https:\\\/\\\/schema.org\",\"@graph\":[{\"@type\":\"WebPage\",\"@id\":\"https:\\\/\\\/plongeeagde.belougaplongee.fr\\\/accueil-2\\\/\",\"url\":\"https:\\\/\\\/plongeeagde.belougaplongee.fr\\\/accueil-2\\\/\",\"name\":\"Votre \u00e9cole de plong\u00e9e au Cap d'Agde - B\u00e9louga Plong\u00e9e\",\"isPartOf\":{\"@id\":\"https:\\\/\\\/plongeeagde.belougaplongee.fr\\\/accueil-2\\\/#website\"},\"primaryImageOfPage\":{\"@id\":\"https:\\\/\\\/plongeeagde.belougaplongee.fr\\\/accueil-2\\\/#primaryimage\"},\"image\":{\"@id\":\"https:\\\/\\\/plongeeagde.belougaplongee.fr\\\/accueil-2\\\/#primaryimage\"},\"thumbnailUrl\":\"https:\\\/\\\/plongeeagde.belougaplongee.fr\\\/wp-content\\\/uploads\\\/2020\\\/04\\\/18157516_1356425224451151_9098487640773787363_n-1.png\",\"datePublished\":\"2020-01-02T17:28:04+00:00\",\"dateModified\":\"2025-12-31T11:39:46+00:00\",\"breadcrumb\":{\"@id\":\"https:\\\/\\\/plongeeagde.belougaplongee.fr\\\/accueil-2\\\/#breadcrumb\"},\"inLanguage\":\"fr-FR\",\"potentialAction\":[{\"@type\":\"ReadAction\",\"target\":[\"https:\\\/\\\/plongeeagde.belougaplongee.fr\\\/accueil-2\\\/\"]}]},{\"@type\":\"ImageObject\",\"inLanguage\":\"fr-FR\",\"@id\":\"https:\\\/\\\/plongeeagde.belougaplongee.fr\\\/accueil-2\\\/#primaryimage\",\"url\":\"https:\\\/\\\/plongeeagde.belougaplongee.fr\\\/wp-content\\\/uploads\\\/2020\\\/04\\\/18157516_1356425224451151_9098487640773787363_n-1.png\",\"contentUrl\":\"https:\\\/\\\/plongeeagde.belougaplongee.fr\\\/wp-content\\\/uploads\\\/2020\\\/04\\\/18157516_1356425224451151_9098487640773787363_n-1.png\"},{\"@type\":\"BreadcrumbList\",\"@id\":\"https:\\\/\\\/plongeeagde.belougaplongee.fr\\\/accueil-2\\\/#breadcrumb\",\"itemListElement\":[{\"@type\":\"ListItem\",\"position\":1,\"name\":\"Accueil\",\"item\":\"https:\\\/\\\/plongeeagde.belougaplongee.fr\\\/accueil-2\\\/\"},{\"@type\":\"ListItem\",\"position\":2,\"name\":\"Votre \u00e9cole de plong\u00e9e au Cap d&rsquo;Agde\"}]},{\"@type\":\"WebSite\",\"@id\":\"https:\\\/\\\/plongeeagde.belougaplongee.fr\\\/accueil-2\\\/#website\",\"url\":\"https:\\\/\\\/plongeeagde.belougaplongee.fr\\\/accueil-2\\\/\",\"name\":\"B\u00e9louga Plong\u00e9e\",\"description\":\"Plong\u00e9e personnalis\u00e9e au Cap d&#039;Agde\",\"potentialAction\":[{\"@type\":\"SearchAction\",\"target\":{\"@type\":\"EntryPoint\",\"urlTemplate\":\"https:\\\/\\\/plongeeagde.belougaplongee.fr\\\/accueil-2\\\/?s={search_term_string}\"},\"query-input\":{\"@type\":\"PropertyValueSpecification\",\"valueRequired\":true,\"valueName\":\"search_term_string\"}}],\"inLanguage\":\"fr-FR\"}]}<\/script>\n<!-- \/ Yoast SEO plugin. -->","yoast_head_json":{"title":"Votre \u00e9cole de plong\u00e9e au Cap d'Agde - B\u00e9louga Plong\u00e9e","robots":{"index":"index","follow":"follow","max-snippet":"max-snippet:-1","max-image-preview":"max-image-preview:large","max-video-preview":"max-video-preview:-1"},"canonical":"https:\/\/plongeeagde.belougaplongee.fr\/accueil-2\/","og_locale":"fr_FR","og_type":"article","og_title":"Votre \u00e9cole de plong\u00e9e au Cap d'Agde - B\u00e9louga Plong\u00e9e","og_description":"B\u00c9LOUGA PLONG\u00c9E, 100% PLONGEE ENFANT \u00a0 \u00a0 \u00a0 \u00a0 B\u00e9louga Plong\u00e9e\u00a0vous accueille dans\u00a0la jolie station familiale du Cap d\u2019Agde\u00a0en Occitanie,\u00a0dernier maillon terrestre de la cha\u00eene des volcans d\u2019Auvergne.\u00a0 Cette situation id\u00e9ale et ses petits fonds rocheux\u00a0\u00a0M\u00e9diterran\u00e9ens\u00a0nous permettent de\u00a0faire d\u00e9couvrir, former et perfectionner les enfants et ados en plong\u00e9e sur\u00a0l\u2019Aire Marine Prot\u00e9g\u00e9e de la c\u00f4te Agathoise. READ MORE","og_url":"https:\/\/plongeeagde.belougaplongee.fr\/accueil-2\/","og_site_name":"B\u00e9louga Plong\u00e9e","article_modified_time":"2025-12-31T11:39:46+00:00","og_image":[{"url":"https:\/\/plongeeagde.belougaplongee.fr\/wp-content\/uploads\/2020\/04\/18157516_1356425224451151_9098487640773787363_n-1.png","type":"","width":"","height":""}],"twitter_card":"summary_large_image","twitter_misc":{"Dur\u00e9e de lecture estim\u00e9e":"1 minute"},"schema":{"@context":"https:\/\/schema.org","@graph":[{"@type":"WebPage","@id":"https:\/\/plongeeagde.belougaplongee.fr\/accueil-2\/","url":"https:\/\/plongeeagde.belougaplongee.fr\/accueil-2\/","name":"Votre \u00e9cole de plong\u00e9e au Cap d'Agde - B\u00e9louga Plong\u00e9e","isPartOf":{"@id":"https:\/\/plongeeagde.belougaplongee.fr\/accueil-2\/#website"},"primaryImageOfPage":{"@id":"https:\/\/plongeeagde.belougaplongee.fr\/accueil-2\/#primaryimage"},"image":{"@id":"https:\/\/plongeeagde.belougaplongee.fr\/accueil-2\/#primaryimage"},"thumbnailUrl":"https:\/\/plongeeagde.belougaplongee.fr\/wp-content\/uploads\/2020\/04\/18157516_1356425224451151_9098487640773787363_n-1.png","datePublished":"2020-01-02T17:28:04+00:00","dateModified":"2025-12-31T11:39:46+00:00","breadcrumb":{"@id":"https:\/\/plongeeagde.belougaplongee.fr\/accueil-2\/#breadcrumb"},"inLanguage":"fr-FR","potentialAction":[{"@type":"ReadAction","target":["https:\/\/plongeeagde.belougaplongee.fr\/accueil-2\/"]}]},{"@type":"ImageObject","inLanguage":"fr-FR","@id":"https:\/\/plongeeagde.belougaplongee.fr\/accueil-2\/#primaryimage","url":"https:\/\/plongeeagde.belougaplongee.fr\/wp-content\/uploads\/2020\/04\/18157516_1356425224451151_9098487640773787363_n-1.png","contentUrl":"https:\/\/plongeeagde.belougaplongee.fr\/wp-content\/uploads\/2020\/04\/18157516_1356425224451151_9098487640773787363_n-1.png"},{"@type":"BreadcrumbList","@id":"https:\/\/plongeeagde.belougaplongee.fr\/accueil-2\/#breadcrumb","itemListElement":[{"@type":"ListItem","position":1,"name":"Accueil","item":"https:\/\/plongeeagde.belougaplongee.fr\/accueil-2\/"},{"@type":"ListItem","position":2,"name":"Votre \u00e9cole de plong\u00e9e au Cap d&rsquo;Agde"}]},{"@type":"WebSite","@id":"https:\/\/plongeeagde.belougaplongee.fr\/accueil-2\/#website","url":"https:\/\/plongeeagde.belougaplongee.fr\/accueil-2\/","name":"B\u00e9louga Plong\u00e9e","description":"Plong\u00e9e personnalis\u00e9e au Cap d&#039;Agde","potentialAction":[{"@type":"SearchAction","target":{"@type":"EntryPoint","urlTemplate":"https:\/\/plongeeagde.belougaplongee.fr\/accueil-2\/?s={search_term_string}"},"query-input":{"@type":"PropertyValueSpecification","valueRequired":true,"valueName":"search_term_string"}}],"inLanguage":"fr-FR"}]}},"_links":{"self":[{"href":"https:\/\/plongeeagde.belougaplongee.fr\/accueil-2\/wp-json\/wp\/v2\/pages\/2","targetHints":{"allow":["GET"]}}],"collection":[{"href":"https:\/\/plongeeagde.belougaplongee.fr\/accueil-2\/wp-json\/wp\/v2\/pages"}],"about":[{"href":"https:\/\/plongeeagde.belougaplongee.fr\/accueil-2\/wp-json\/wp\/v2\/types\/page"}],"author":[{"embeddable":true,"href":"https:\/\/plongeeagde.belougaplongee.fr\/accueil-2\/wp-json\/wp\/v2\/users\/1"}],"replies":[{"embeddable":true,"href":"https:\/\/plongeeagde.belougaplongee.fr\/accueil-2\/wp-json\/wp\/v2\/comments?post=2"}],"version-history":[{"count":182,"href":"https:\/\/plongeeagde.belougaplongee.fr\/accueil-2\/wp-json\/wp\/v2\/pages\/2\/revisions"}],"predecessor-version":[{"id":4639,"href":"https:\/\/plongeeagde.belougaplongee.fr\/accueil-2\/wp-json\/wp\/v2\/pages\/2\/revisions\/4639"}],"wp:attachment":[{"href":"https:\/\/plongeeagde.belougaplongee.fr\/accueil-2\/wp-json\/wp\/v2\/media?parent=2"}],"curies":[{"name":"wp","href":"https:\/\/api.w.org\/{rel}","templated":true}]}}